{"id":3478,"date":"2019-04-11T09:42:28","date_gmt":"2019-04-11T09:42:28","guid":{"rendered":"http:\/\/old.theatreinmath.eu\/?page_id=3478"},"modified":"2022-03-24T06:22:31","modified_gmt":"2022-03-24T06:22:31","slug":"the-project","status":"publish","type":"page","link":"https:\/\/old.theatreinmath.eu\/it\/the-project\/","title":{"rendered":"Il Progetto"},"content":{"rendered":"<p><div class=\"kc-elm kc-css-264997 kc-row-container module\"><div class=\"wc-row row\"><div class=\"kc-wrap-columns\"><div class=\"kc-elm kc-css-314701 small-12 columns small-12\"><div class=\"kc-col-container\"><div class=\"kc-elm kc-css-86413 kc_shortcode kc_single_image\">\n\n        <img decoding=\"async\" src=\"https:\/\/old.theatreinmath.eu\/wp-content\/uploads\/2019\/02\/TIM.LOGO_.400X400.jpg\" class=\"\" alt=\"\" \/>    <\/div>\n<\/div><\/div><div class=\"kc-elm kc-css-758497 small-12 columns small-12\"><div class=\"kc-col-container\"><div class=\"kc-elm kc-css-759269 kc-animated kc-animate-eff-fadeIn kc_text_block\"><\/p>\n<h1>Theatre In Mathematics | <span style=\"color: #fe4201; font-size: inherit;\">TIM<\/span><\/h1>\n<p>Oggi la competenza matematica e le abilit\u00e0 di calcolo sono considerate imprescindibili per l\u2019autorealizzazione personale e sociale e fondamentali in materia di istruzione a livello della cooperazione tra gli stati europei (EACEA\/Eurydice, 2011. Mathematics in Education in Europe: Common Challenges and National Policies. Bruxelles: EACEA P9 Eurydice).&nbsp;<span style=\"font-style: inherit;\">La lezione usuale di matematica \u00e8 spesso caratterizzata dall\u2019uso del libro di testo e da un ruolo centrale dell\u2019insegnante. Questo modello didattico rende gli studenti ascoltatori passivi. Tuttavia, le ricerche in ambito educativo confermano che un ambiente didattico cooperativo ed un coinvolgimento attivo degli studenti favoriscono l\u2019acquisizione dei contenuti trattati in classe. Tali ambienti permettono lo sviluppo dell\u2019autoefficacia personale e delle competenze dell\u2019allievo attraverso l\u2019utilizzo di attivit\u00e0 didattiche che promuovono le life skills secondo l\u2019approccio School for Health in Europe Network (SHE).<\/span><\/p>\n<p>\n<\/div><\/div><\/div><\/div><\/div><\/div><div class=\"kc-elm kc-css-273652 kc-animated kc-animate-eff-fadeIn kc-row-container module\"><div class=\"wc-row row\"><div class=\"kc-wrap-columns\"><div class=\"kc-elm kc-css-392742 small-12 columns small-12\"><div class=\"kc-col-container\"><div class=\"kc-elm kc-css-72494 kc-animated kc-animate-eff-fadeIn kc_text_block\"><\/p>\n<p>TIM \u2013 Theatre in Mathematics \u00e8 un progetto del programma Erasmus+ Strategic Partnership for School Education che ha l&#8217;obiettivo di superare i maggiori ostacoli che studenti e insegnanti affrontano nell\u2019apprendimento e nell\u2019insegnamento della matematica in Europa, attraverso la creazione di una nuova metodologia per l\u2019insegnamento della matematica nel laboratorio teatrale: la Metodologia TIM.<\/p>\n<p><span style=\"font-style: inherit;\">Il progetto \u00e9 realizzato da Social and Community Theatre Centre dell\u2019Universit\u00e0 di Torino |&nbsp; COREP (Italia), HVL &#8211; Western Norway University of Applied Science (Norvegia), TUC &#8211; Technical University of Crete (Grecia), la compagnia teatrale ASTA (Portogallo) e DORS &#8211; Centro di Documentazione per la Promozione della Salute della Regione Piemonte (Italia).&nbsp;<\/span><\/p>\n<p>\n<\/div><div class=\"kc-elm kc-css-883936 kc-animated kc-animate-eff-fadeIn kc_text_block\"><\/p>\n<h1>UNA NUOVA METODOLOGIA<\/h1>\n<p>Il progetto svilupper\u00e0 la Metodologia TIM attraverso l\u2019approfondimento e la fusione di due approcci gi\u00e0 esistenti: \u201cMathemart &#8211; Insegnare la matematica nel laboratorio teatrale\u201d e \u201cProcess Drama &#8211; Change of roles, perspectives, and role aspects in teaching mathematics\u201d.<\/p>\n<p>L\u2019approccio di Mathemart consiste nell\u2019insegnamento della matematica attraverso la metodologia del Teatro Sociale e di Comunit\u00e0 (TSC) dell\u2019Universit\u00e0 di Torino. Mathemart usa il TSC per coinvolgere gli studenti nel gioco della matematica attraverso giochi e attivit\u00e0 teatrali: un approccio olistico che include mente e corpo, creativit\u00e0 innata e coinvolgimento. Il setting teatrale crea un\u2019atmosfera creativa, giocosa e di fiducia, in cui gli studenti si sentono liberi di esplorare le proprie possibilit\u00e0 sospendendo il giudizio e imparando dagli errori attraverso un apprendimento esperienziale.&nbsp;<\/p>\n<p>Il Process Drama sviluppato dall\u2019Universit\u00e0 di Bergen HVL, cambia il modello didattico che vede l\u2019insegnante al centro delle dinamiche comunicative della classe, introducendo ed esplorando diversi ruoli (lo scettico, il curioso, l\u2019autorit\u00e0, il mediatore) per creare processi di apprendimento che coinvolgono lo studente attivamente. Allo stesso tempo, il Process Drama sviluppa la capacit\u00e0 di cambiare ruolo e prospettiva, in un processo di apprendimento fatto di domande pi\u00f9 che di sole risposte.&nbsp;<\/p>\n<p>La Metodologia TIM sar\u00e0 costruita tenendo conto dei sistemi di istruzione dei 4 Paesi di provenienza dei partner del Progetto TIM, con l\u2019obiettivo di creare uno strumento didattico versatile ed adattabile ai diversi contesti locali e nazionali. La valutazione di TIM avverr\u00e0 attraverso l\u2019utilizzo di strumenti qualitativi e quantitativi validati, che misurino il miglioramento dell\u2019autoefficacia, delle life skills, delle competenze matematiche e di altri costrutti su cui il progetto interviene. Nel Manuale, la Metodologia TIM verr\u00e0 descritta nel suo potenziale di adattabilit\u00e0 ad ogni contesto o livello di alfabetizzazione degli studenti compresi tra gli 8 e i 14 anni.&nbsp;<\/p>\n<p>\n<\/div><div class=\"kc-elm kc-css-227126 kc-animated kc-animate-eff-fadeIn kc_text_block\"><\/p>\n<h1>Output di Progetto<\/h1>\n<p>Oltre al Manuale della Metodologia TIM, il progetto ha prodotto: la piattaforma e-learning, lo spettacolo-conferenza teatrale &#8220;MATH SCARE BOOM. Una strana lezione contro il maldimatematica\" e quattro articoli scientifici.&nbsp;<span style=\"font-style: inherit;\">Nella piattaforma e-learning TIM gli utenti troveranno gli output di progetto in formato digitale e potranno condividere e scambiare risorse didattiche digitali legate alla Metodologia.&nbsp;<\/span><span style=\"font-style: inherit;\">lo spettacolo-conferenza teatrale tratta il tema della paura della matematica ed \u00e8 stato realizzato nelle 4 lingue dei paesi partner. Numerose repliche sono state realizzate nelle scuole primarie e secondarie di Italia, Grecia, Portogallo e Norvegia.&nbsp;<\/span><span style=\"font-style: inherit;\">I ricercatori coinvolti nel progetto hanno lavorato alla creazione di 4 articoli scientifici relativi alla Metodologia TIM e ai risultati delle attivit\u00e0 e le ricerche svolte durante lo sviluppo del progetto.<\/span><\/p>\n<p>\n<\/div><div class=\"kc-elm kc-css-972927 kc-animated kc-animate-eff-fadeIn kc_text_block\"><\/p>\n<h1>Il Target<\/h1>\n<p>Il gruppo target principale del progetto include insegnanti e futuri insegnanti. Un gruppo di 53 professionisti del mondo dell&#8217;educazione, provenienti dai 4 paesi partner, ha ricevuto una formazione sulla metodologia TIM. Questi nuovi trainer TIM hanno in seguito lavorato fianco a fianco con insegnanti di matematica, per portare la Metodologia agli studenti nelle classi. Questa collaborazione tra trainer e insegnanti ha permesso agli insegnanti di apprendere tecniche della metodologia TIM e prendere parte alla TIM community anche in qualit\u00e0 di creatori di contenuti. Infatti, insegnanti e trainer insieme hanno creato in ciascuna classe lezioni su misura per i propri allievi. Queste attivit\u00e0 sono state poi descritte e caricate sulla piattaforma e-learning di TIM, che raccoglie le lezioni condotte in classe di tutti gli insegnanti che hanno voluto e vorranno condividere la propria esperienza e le proprie idee con altri insegnanti. I trainer TIM continuano tuttora a diffondere la metodologia TIM nelle scuole dei 4 paesi partner. Durante il progetto, oltre 38 classi e 800 studenti sono stati coinvolti, e la conferenza-spettacolo teatrale &#8220;MATH.SCARE.BOOM.\" continua il suo tour in Europa per far riflettere i suoi giovani spettatori sul ruolo che le emozioni possono avere sul processo di apprendimento. Il target secondario del progetto, fatto di istituzioni, altri progetti esistenti e associazioni impegnate sul tema, \u00e8 stato coinvolto nel progetto e diventato parte della TIM community, e ulteriori collaborazioni sono nate dall&#8217;incontro con TIM, come l&#8217;avvio di formazioni dedicate ai dipartimenti universitari di didattica della matematica e le collaborazioni con enti di ricerca e organizzazioni dedicate all&#8217;uso del teatro nella didattica.&nbsp;<\/p>\n<p>\n<\/div><div class=\"kc-elm kc-css-61072 kc-animated kc-animate-eff-fadeIn kc_text_block\"><\/p>\n<h1>La Piattaforma E-Learning<\/h1>\n<p>La piattaforma e-learning \u00e8 il luogo virtuale in cui tutti questi professionisti possono incontrarsi, scambiare opinioni, pratiche e materiali attraverso il Repository: l\u2019archivio virtuale in cui \u00e8 possibile scambiare conoscenze relative a TIM. Questa pratica di scambio di conoscenze e competenze permette agli insegnanti di migliorare la loro pratica didattica e promuove la creazione di una comunit\u00e0 di professionisti che utilizzano TIM, attraverso lo scambio di conoscenze e la diffusione della metodologia e dei suoi strumenti all\u2019interno dei propri network. Questo ciclo virtuoso di condivisione di competenze professionali ha la capacit\u00e0 di apportare benefici tangibili alla pratica quotidiana in classe e, con il migliorare della qualit\u00e0 dell\u2019insegnamento, saranno gli studenti a godere dei benefici del progetto.<\/p>\n<p>\n<\/div><\/div><\/div><\/div><\/div><\/div><div class=\"kc-elm kc-css-886288 kc-row-container module\"><div class=\"wc-row row\"><div class=\"kc-wrap-columns\"><div class=\"kc-elm kc-css-13639 small-12 columns small-12\"><div class=\"kc-col-container\">\n<div class=\"kc-elm kc-css-678083 kc-title-wrap \">\n\n\t<h1 class=\"kc_title\"><a href=\"http:\/\/old.theatreinmath.eu\/wp-content\/uploads\/2020\/04\/LeafletIT.pdf\" class=\"kc_title_link\" title=\"\" target=\"_blank\">Opuscolo Del Progetto<\/a><\/h1>\n<\/div>\n<\/div><\/div><\/div><\/div><\/div><\/p>\n","protected":false},"excerpt":{"rendered":"","protected":false},"author":1,"featured_media":0,"parent":0,"menu_order":0,"comment_status":"closed","ping_status":"closed","template":"template-modules.php","meta":{"footnotes":""},"_links":{"self":[{"href":"https:\/\/old.theatreinmath.eu\/it\/wp-json\/wp\/v2\/pages\/3478"}],"collection":[{"href":"https:\/\/old.theatreinmath.eu\/it\/wp-json\/wp\/v2\/pages"}],"about":[{"href":"https:\/\/old.theatreinmath.eu\/it\/wp-json\/wp\/v2\/types\/page"}],"author":[{"embeddable":true,"href":"https:\/\/old.theatreinmath.eu\/it\/wp-json\/wp\/v2\/users\/1"}],"replies":[{"embeddable":true,"href":"https:\/\/old.theatreinmath.eu\/it\/wp-json\/wp\/v2\/comments?post=3478"}],"version-history":[{"count":36,"href":"https:\/\/old.theatreinmath.eu\/it\/wp-json\/wp\/v2\/pages\/3478\/revisions"}],"predecessor-version":[{"id":6371,"href":"https:\/\/old.theatreinmath.eu\/it\/wp-json\/wp\/v2\/pages\/3478\/revisions\/6371"}],"wp:attachment":[{"href":"https:\/\/old.theatreinmath.eu\/it\/wp-json\/wp\/v2\/media?parent=3478"}],"curies":[{"name":"wp","href":"https:\/\/api.w.org\/{rel}","templated":true}]}}