{"id":3533,"date":"2019-04-11T11:29:47","date_gmt":"2019-04-11T11:29:47","guid":{"rendered":"http:\/\/old.theatreinmath.eu\/?page_id=3533"},"modified":"2022-03-03T15:40:38","modified_gmt":"2022-03-03T15:40:38","slug":"tim-methodology","status":"publish","type":"page","link":"https:\/\/old.theatreinmath.eu\/it\/outputs\/tim-methodology\/","title":{"rendered":"Metodologia TIM"},"content":{"rendered":"<p><div class=\"kc-elm kc-css-140922 kc-row-container module\"><div class=\"wc-row row\"><div class=\"kc-wrap-columns\"><div class=\"kc-elm kc-css-364292 small-12 columns small-12\"><div class=\"kc-col-container\"><div class=\"kc-elm kc-css-320968 kc-animated kc-animate-eff-fadeIn kc_shortcode kc_single_image\">\n\n        <img decoding=\"async\" src=\"https:\/\/old.theatreinmath.eu\/wp-content\/uploads\/2019\/02\/outputs-methodology-min-1024x500xc.jpg\" class=\"\" alt=\"\" \/>    <\/div>\n<\/div><\/div><\/div><\/div><\/div><div class=\"kc-elm kc-css-249597 kc-row-container module\"><div class=\"wc-row row\"><div class=\"kc-wrap-columns\"><div class=\"kc-elm kc-css-989248 small-12 columns small-12\"><div class=\"kc-col-container\"><div class=\"kc-elm kc-css-834539 kc-animated kc-animate-eff-fadeInUp kc_text_block\"><\/p>\n<p>La metodologia TIM nasce dall\u2019integrazione di due metodologie complementari: \u201cMathemart \u2013 Insegnare la matematica nel laboratorio teatrale\u201d e \u201cProcess Drama \u2013 Change of roles, perspectives, and role aspects in teaching mathematics\u201d. La flessibilit\u00e0 e capacit\u00e0 di essere inclusiva e coinvolgente sono i suoi principali aspetti innovativi. Il Manuale della Metodologia TIM, disponibile sulla piattafomra e-learning, contiene i risultati relativi al processo di creazione della metodologia e include:<\/p>\n<ul>\n<li>Il manuale metodologico, che spiega la teoria e le riflessioni da cui ha avuto origine la Metodologia TIM<\/li>\n<li>Il TIM Toolkit: attivit\u00e0 ed esercizi. Una guida pratica con dettagliate descrizioni delle attivit\u00e0 che sono parte della Metodologia TIM, con consigli per condurre le attivit\u00e0 in classe.<\/li>\n<li>Il Toolkit per l\u2019analisi e la valutazione per l\u2019insegnante. Per supportare gli insegnanti nella riflessione sulla valutazione.<\/li>\n<\/ul>\n<p>\n<\/div><\/div><\/div><\/div><\/div><\/div><div class=\"kc-elm kc-css-76742 kc-row-container module\"><div class=\"wc-row row\"><div class=\"kc-wrap-columns\"><div class=\"kc-elm kc-css-244817 small-12 columns small-12\"><div class=\"kc-col-container\">\n<div class=\"kc-elm kc-css-390279 kc-title-wrap \">\n\n\t<h1 class=\"kc_title\">Downloads<\/h1>\n<\/div>\n\n<div class=\"kc-elm kc-css-227891 kc-title-wrap \">\n\n\t<p class=\"kc_title\"><a href=\"http:\/\/old.theatreinmath.eu\/wp-content\/uploads\/2022\/03\/Manuale-metodologico-TIM-Italian-_compressed.pdf\" class=\"kc_title_link\" title=\"\" target=\"_blank\">Manuale metodologico<\/a><\/p>\n<\/div>\n\n<div class=\"kc-elm kc-css-856677 kc-title-wrap \">\n\n\t<p class=\"kc_title\"><a href=\"http:\/\/old.theatreinmath.eu\/wp-content\/uploads\/2022\/03\/Toolkit-TIM-Italian_compressed.pdf\" class=\"kc_title_link\" title=\"\" target=\"\">Toolkit: attivit\u00e0 ed esercizi<\/a><\/p>\n<\/div>\n<\/div><\/div><\/div><\/div><\/div><div class=\"kc-elm kc-css-535431 kc-row-container module\"><div class=\"wc-row row\"><div class=\"kc-wrap-columns\"><div class=\"kc-elm kc-css-546146 small-12 columns small-12\"><div class=\"kc-col-container\"><div class=\"kc-elm kc-css-644882 kc-raw-code\"><div class=\"float-left\">\r\n<a class=\"primary button bordered-dark\" href=\"..\/scientific-publications\"><i class=\"sl-arrow-left\"><\/i> Pubblicazioni Scientifiche<\/a><\/div>\r\n<div class=\"float-right\"><a class=\"primary button bordered-dark\" href=\"..\/learning-platform\">Piattaforma e-learning <i class=\"sl-arrow-right\"><\/i><\/a>\r\n<\/div><\/div><\/div><\/div><\/div><\/div><\/div><\/p>\n","protected":false},"excerpt":{"rendered":"","protected":false},"author":1,"featured_media":0,"parent":3495,"menu_order":0,"comment_status":"closed","ping_status":"closed","template":"template-modules.php","meta":{"footnotes":""},"_links":{"self":[{"href":"https:\/\/old.theatreinmath.eu\/it\/wp-json\/wp\/v2\/pages\/3533"}],"collection":[{"href":"https:\/\/old.theatreinmath.eu\/it\/wp-json\/wp\/v2\/pages"}],"about":[{"href":"https:\/\/old.theatreinmath.eu\/it\/wp-json\/wp\/v2\/types\/page"}],"author":[{"embeddable":true,"href":"https:\/\/old.theatreinmath.eu\/it\/wp-json\/wp\/v2\/users\/1"}],"replies":[{"embeddable":true,"href":"https:\/\/old.theatreinmath.eu\/it\/wp-json\/wp\/v2\/comments?post=3533"}],"version-history":[{"count":14,"href":"https:\/\/old.theatreinmath.eu\/it\/wp-json\/wp\/v2\/pages\/3533\/revisions"}],"predecessor-version":[{"id":6206,"href":"https:\/\/old.theatreinmath.eu\/it\/wp-json\/wp\/v2\/pages\/3533\/revisions\/6206"}],"up":[{"embeddable":true,"href":"https:\/\/old.theatreinmath.eu\/it\/wp-json\/wp\/v2\/pages\/3495"}],"wp:attachment":[{"href":"https:\/\/old.theatreinmath.eu\/it\/wp-json\/wp\/v2\/media?parent=3533"}],"curies":[{"name":"wp","href":"https:\/\/api.w.org\/{rel}","templated":true}]}}