{"id":3562,"date":"2019-04-12T08:21:22","date_gmt":"2019-04-12T08:21:22","guid":{"rendered":"http:\/\/old.theatreinmath.eu\/?page_id=3562"},"modified":"2019-04-16T08:19:12","modified_gmt":"2019-04-16T08:19:12","slug":"who-we-are","status":"publish","type":"page","link":"https:\/\/old.theatreinmath.eu\/it\/who-we-are\/","title":{"rendered":"Chi Siamo"},"content":{"rendered":"<p><div class=\"kc-elm kc-css-901532 kc-animated kc-animate-eff-fadeIn kc-row-container module\"><div class=\"wc-row row\"><div class=\"kc-wrap-columns\"><div class=\"kc-elm kc-css-445426 small-12 columns small-12\"><div class=\"kc-col-container\"><div class=\"kc-elm kc-css-88924 kc_shortcode kc_single_image\">\n\n        <a  href=\"http:\/\/www.socialcommunitytheatre.com\/en\/\" title=\"\" target=\"_blank\">\n        <img decoding=\"async\" src=\"https:\/\/old.theatreinmath.eu\/wp-content\/uploads\/2019\/02\/Logo.STC-COREP.png\" class=\"\" alt=\"\" \/>    <\/a>\n    <\/div>\n<\/div><\/div><div class=\"kc-elm kc-css-376133 small-12 columns small-12\"><div class=\"kc-col-container\"><div class=\"kc-elm kc-css-733136 kc-animated kc-animate-eff-fadeInRight kc_text_block\"><\/p>\n<h3>SCT Centre | COREP (Italia)<\/h3>\n<p>COREP \u00e8 un consorzio senza fini di lucro fondato nel 1987. I suoi principali ambiti di intervento sono: la formazione specialistica e di alto livello, il supporto all\u2019innovazione e i servizi per i onsorziati.<\/p>\n<p>Nell\u2019ambito didattico e formativo, COREP:<\/p>\n<ul>\n<li>organizza master universitari, rivolti a giovani laureati e professionisti;<\/li>\n<li>propone attivit\u00e0 di educazione permanente finalizzate all\u2019aggiornamento di competenze dei professionisti e dei ricercatori;<\/li>\n<li>promuove attivit\u00e0 congiunte tra imprese, Enti locali e Atenei, nell\u2019ambito di progetti speciali;<\/li>\n<li>partecipa a progetti europei, sia come partner che come coordinatore.<\/li>\n<\/ul>\n<p>All\u2019interno di queste attivit\u00e0 Corep gestisce il Social Community Theatre Centre \u2013 STC, nato nel 2014 in collaborazione con l\u2019Universit\u00e0 di Torino e il Teatro Popolare Europeo.<\/p>\n<p>L\u2019SCT Centre racchiude in s\u00e9 diverse professionalit\u00e0 e competenze in ambito scientifico, artistico, culturale e gestionale. Si basa sull\u2019eredit\u00e0 culturale e artistica italiana, fondata su creativit\u00e0, ricerca e relazione ed \u00e8 incentrato sullo sviluppo di societ\u00e0 inclusive e comunit\u00e0 plurali.<\/p>\n<p>L\u2019SCT Centre utilizza una metodologia innovativa e multidisciplinare ideata nel 2000 da Alessandro Pontremoli e Alessandra Rossi Ghiglione. La loro vision \u00e8 incentrata sull\u2019efficacia del teatro e delle performing arts per lo sviluppo dell\u2019uomo, in quanto credono che l\u2019arte sia uno strumento per aumentare il benessere personale, professionale e della comunit\u00e0.<\/p>\n<p>\n<\/div><\/div><\/div><\/div><\/div><\/div><div class=\"kc-elm kc-css-85164 kc-animated kc-animate-eff-fadeIn kc-row-container module\"><div class=\"wc-row row\"><div class=\"kc-wrap-columns\"><div class=\"kc-elm kc-css-48754 small-12 columns small-12\"><div class=\"kc-col-container\"><div class=\"kc-elm kc-css-254210 kc-animated kc-animate-eff-fadeInLeft kc_text_block\"><\/p>\n<h3 class=\"uk-panel-title\" style=\"text-align: left;\">HVL (Norvegia)<\/h3>\n<div>\n<p style=\"text-align: left;\">La Western Norway University of Applied Science (HVL), uno dei pi\u00f9 grandi istituti di istruzione superiore del Paese, offre Dottorati e Master principalmente nell\u2019ambito della formazione, dell\u2019ingegneria, della salute e delle scienze sociali. I suoi ricercatori lavorano in team multidisciplinari e in stretta collaborazione con universit\u00e0, istituti di ricerca e organizzazioni a livello nazionale e internazionale.<\/p>\n<p style=\"text-align: left;\">Il ruolo specifico dell\u2019HVL nello sviluppo di comunit\u00e0 rende l\u2019istituto un partner importante per gli enti locali e gli stakeholder regionali, compresi tra gli altri le imprese, gli ospedali, gli enti di assistenza sanitaria e sociale, le scuole, gli asili e le istituzioni culturali.<\/p>\n<p style=\"text-align: left;\">Negli ultimi anni HLV si \u00e8 concentrata sullo sviluppo di nuove conoscenze rispetto ai processi creativi e all\u2019apprendimento, con un programma di Master of Arts consolidato in questo ambito e ha ospitato numerose conferenze internazionali sul tema.<\/p>\n<\/div>\n<p>\n<\/div><\/div><\/div><div class=\"kc-elm kc-css-257902 small-12 columns small-12\"><div class=\"kc-col-container\"><div class=\"kc-elm kc-css-637597 kc_shortcode kc_single_image\">\n\n        <a  href=\"https:\/\/www.hvl.no\/en\/\" title=\"\" target=\"_blank\">\n        <img decoding=\"async\" src=\"https:\/\/old.theatreinmath.eu\/wp-content\/uploads\/2019\/02\/Logo.HVL_.png\" class=\"\" alt=\"\" \/>    <\/a>\n    <\/div>\n<\/div><\/div><\/div><\/div><\/div><div class=\"kc-elm kc-css-30009 kc-animated kc-animate-eff-fadeIn kc-row-container module\"><div class=\"wc-row row\"><div class=\"kc-wrap-columns\"><div class=\"kc-elm kc-css-70833 small-12 columns small-12\"><div class=\"kc-col-container\"><div class=\"kc-elm kc-css-789484 kc_shortcode kc_single_image\">\n\n        <a  href=\"https:\/\/www.dors.it\/pagina_singola.php?idpagina=8\" title=\"\" target=\"_blank\">\n        <img decoding=\"async\" src=\"https:\/\/old.theatreinmath.eu\/wp-content\/uploads\/2019\/02\/Logo.DORS_.png\" class=\"\" alt=\"\" \/>    <\/a>\n    <\/div>\n<\/div><\/div><div class=\"kc-elm kc-css-720689 small-12 columns small-12\"><div class=\"kc-col-container\"><div class=\"kc-elm kc-css-484261 kc-animated kc-animate-eff-fadeInRight kc_text_block\"><\/p>\n<h3 class=\"uk-panel-title\" style=\"text-align: left;\">DoRS (Italia)<\/h3>\n<p>\u00a0Il Centro Regionale di Documentazione per la Promozione della Salute DoRS \u00e8 nato per iniziativa della Regione Piemonte nel 1998 con lo scopo di fornire supporto e assistenza alle politiche, alle azioni e ai progetti di promozione della salute a livello locale, regionale e nazionale, attraverso un approccio di scambio e trasferimento di conoscenze (KTE), nella comunit\u00e0, nella scuola, nei luoghi di lavoro e nel setting sanitario (maggiori informazioni su www.dors.it).<\/p>\n<p>Le principali attivit\u00e0 del Centro sono:<\/p>\n<ul>\n<li>revisionare, adattare e scambiare le conoscenze tratte dalla letteratura scientifica con gli stakeholder, i decisori e i professionisti che si occupano di prevenzione e promozione della salute<\/li>\n<li>selezionare e disseminare informazioni, documentazione, buone pratiche e esperienze realizzate da quanti operano per migliorare la salute e il benessere<\/li>\n<li>fornire supporto per la progettazione, lo sviluppo e la valutazione di interventi, piani e politiche nell\u2019ambito della salute e del benessere<\/li>\n<li>formare gli operatori e i decisori affinch\u00e9 sviluppino conoscenze e competenze per promuovere la salute e il benessere<\/li>\n<li>cooperare attivamente a progetti per lo sviluppo di reti a livello locale, regionale, nazionale e internazionale<\/li>\n<\/ul>\n<p>\n<\/div><\/div><\/div><\/div><\/div><\/div><div class=\"kc-elm kc-css-959236 kc-animated kc-animate-eff-fadeIn kc-row-container module\"><div class=\"wc-row row\"><div class=\"kc-wrap-columns\"><div class=\"kc-elm kc-css-755439 small-12 columns small-12\"><div class=\"kc-col-container\"><div class=\"kc-elm kc-css-262330 kc-animated kc-animate-eff-fadeInLeft kc_text_block\"><\/p>\n<h3 class=\"uk-panel-title\">ASTA (Portogallo)<\/h3>\n<p>ASTA, una struttura professionale fondata nel 2000, trova la sua identit\u00e0 in un approccio interdisciplinare basato sul teatro, pur abbracciando allo stesso modo tutte le arti intese come una forma di espressione dell&#8217;esistenza umana.<\/p>\n<p>Oltre ai processi creativi, le sue attivit\u00e0 sono estremamente diversificate e spaziano dall\u2019educazione alla realizzazione di festival, creazione e produzione di rappresentazioni teatrali, performance, animazioni, scambi artistici, formazione e workshop in vari ambiti, riservando una maggiore attenzione alla educazione attraverso le arti dello spettacolo<\/p>\n<p>\n<\/div><\/div><\/div><div class=\"kc-elm kc-css-122447 small-12 columns small-12\"><div class=\"kc-col-container\"><div class=\"kc-elm kc-css-884514 kc_shortcode kc_single_image\">\n\n        <a  href=\"http:\/\/www.aasta.info\" title=\"\" target=\"_blank\">\n        <img decoding=\"async\" src=\"https:\/\/old.theatreinmath.eu\/wp-content\/uploads\/2019\/04\/Logo.ASTA_new.png\" class=\"\" alt=\"\" \/>    <\/a>\n    <\/div>\n<\/div><\/div><\/div><\/div><\/div><div class=\"kc-elm kc-css-514030 kc-animated kc-animate-eff-fadeIn kc-row-container module\"><div class=\"wc-row row\"><div class=\"kc-wrap-columns\"><div class=\"kc-elm kc-css-652626 small-12 columns small-12\"><div class=\"kc-col-container\"><div class=\"kc-elm kc-css-678861 kc_shortcode kc_single_image\">\n\n        <a  href=\"http:\/\/www.music.tuc.gr\" title=\"\" target=\"_blank\">\n        <img decoding=\"async\" src=\"https:\/\/old.theatreinmath.eu\/wp-content\/uploads\/2019\/02\/Logo.TUC-MUSIC.png\" class=\"\" alt=\"\" \/>    <\/a>\n    <\/div>\n<\/div><\/div><div class=\"kc-elm kc-css-909392 small-12 columns small-12\"><div class=\"kc-col-container\"><div class=\"kc-elm kc-css-643867 kc-animated kc-animate-eff-fadeInRight kc_text_block\"><\/p>\n<h3 class=\"uk-panel-title\">TUC (Grecia)<\/h3>\n<p>TUC\/MUSIC \u00e8 stata fondata nel 1990 all\u2019interno del Dipartimento di Ingegneria Elettronica e Informatica del Politecnico dell\u2019Universit\u00e0 di Creta, Chania, Grecia. Si tratta di un centro di ricerca, sviluppo e insegnamento nei seguenti ambiti: sistemi informativi distribuiti, ingegneria applicata, computer grafica e simulazioni ingegneristiche.<\/p>\n<p>TUC\/MUSIC esegue ricerche su architetture multimediali distribuite ad alte prestazioni, sistemi informativi che offrono funzionalit\u00e0 avanzate, database, sistemi di recupero delle informazioni, biblioteche digitali, architetture informatiche orientate ai servizi e sistemi grafici.<\/p>\n<p>Nell&#8217;ambito dell&#8217;ingegneria applicata, TUC\/MUSIC svolge attivit\u00e0 di ricerca su temi quali le reti di distribuzione multimediale ad alta diffusione per applicazioni smart TV, infrastrutture di interoperabilit\u00e0 semantica, metodologie di sviluppo di applicazioni basate su Web e mobile, elaborazione del linguaggio naturale, nonch\u00e9 infrastrutture software basate sugli standard per applicazioni multimediali in settori quali l&#8217;e-learning, la cultura e il turismo, le applicazioni aziendali, le applicazioni TV e la medicina.<\/p>\n<p>\n<\/div><\/div><\/div><\/div><\/div><\/div><\/p>\n","protected":false},"excerpt":{"rendered":"","protected":false},"author":1,"featured_media":0,"parent":0,"menu_order":0,"comment_status":"closed","ping_status":"closed","template":"template-modules.php","meta":{"footnotes":""},"_links":{"self":[{"href":"https:\/\/old.theatreinmath.eu\/it\/wp-json\/wp\/v2\/pages\/3562"}],"collection":[{"href":"https:\/\/old.theatreinmath.eu\/it\/wp-json\/wp\/v2\/pages"}],"about":[{"href":"https:\/\/old.theatreinmath.eu\/it\/wp-json\/wp\/v2\/types\/page"}],"author":[{"embeddable":true,"href":"https:\/\/old.theatreinmath.eu\/it\/wp-json\/wp\/v2\/users\/1"}],"replies":[{"embeddable":true,"href":"https:\/\/old.theatreinmath.eu\/it\/wp-json\/wp\/v2\/comments?post=3562"}],"version-history":[{"count":20,"href":"https:\/\/old.theatreinmath.eu\/it\/wp-json\/wp\/v2\/pages\/3562\/revisions"}],"predecessor-version":[{"id":3900,"href":"https:\/\/old.theatreinmath.eu\/it\/wp-json\/wp\/v2\/pages\/3562\/revisions\/3900"}],"wp:attachment":[{"href":"https:\/\/old.theatreinmath.eu\/it\/wp-json\/wp\/v2\/media?parent=3562"}],"curies":[{"name":"wp","href":"https:\/\/api.w.org\/{rel}","templated":true}]}}