{"id":4719,"date":"2019-07-05T11:00:23","date_gmt":"2019-07-05T11:00:23","guid":{"rendered":"http:\/\/old.theatreinmath.eu\/?page_id=4719"},"modified":"2022-03-04T12:19:03","modified_gmt":"2022-03-04T12:19:03","slug":"tim-methodology","status":"publish","type":"page","link":"https:\/\/old.theatreinmath.eu\/no\/outputs\/tim-methodology\/","title":{"rendered":"TIM-Metodologien"},"content":{"rendered":"<p><div class=\"kc-elm kc-css-237327 kc-row-container module\"><div class=\"wc-row row\"><div class=\"kc-wrap-columns\"><div class=\"kc-elm kc-css-124464 small-12 columns small-12\"><div class=\"kc-col-container\"><div class=\"kc-elm kc-css-815187 kc-animated kc-animate-eff-fadeIn kc_shortcode kc_single_image\">\n\n        <img decoding=\"async\" src=\"https:\/\/old.theatreinmath.eu\/wp-content\/uploads\/2019\/02\/outputs-methodology-min-1024x500xc.jpg\" class=\"\" alt=\"\" \/>    <\/div>\n<\/div><\/div><\/div><\/div><\/div><div class=\"kc-elm kc-css-431198 kc-row-container module\"><div class=\"wc-row row\"><div class=\"kc-wrap-columns\"><div class=\"kc-elm kc-css-4852 small-12 columns small-12\"><div class=\"kc-col-container\"><div class=\"kc-elm kc-css-892316 kc-animated kc-animate-eff-fadeInUp kc_text_block\"><\/p>\n<p>TIM metodologien har sin opprinnelse fra vurderinger og kombinasjoner av to komplement\u00e6re metodologier: &laquo;Mathemart &#8211; Spill med matematikk i teaterverksted\u201d og \u201cProsessdrama \u2013 Endring og bytte av roller, perspektiv og rollekategorier i matematikkundervisning\u201d. Dens fleksibilitet og evne til \u00e5 fungere som en inkluderende, engasjerende metodologi er en av de vitigste nyvinningene. H\u00e5ndboka i TIM metodologien, som er gjort tilgjengelig p\u00e5 e-l\u00e6ringsplattformen, inneholder alle metodologiske resultat som har v\u00e6rt med i TIM prosjektet, og inkluderer:<\/p>\n<ul>\n<li>H\u00e5ndboka i TIM metodologien (manualen). En h\u00e5ndbok som forklarer teorien og innsikten som ligger til grunn for TIM metodologien.<\/li>\n<li>TIM verkt\u00f8ykassen: aktiviteter og \u00f8velser. En praktisk veiledning som i detalj beskriver alle aktiviteter som er en del av TIM metodologien, <br \/>med ideer til hvordan man kan lede dem.<\/li>\n<li>Verkt\u00f8y for vurdering og evaluering: en anvisning for evalueringsprosessen, st\u00f8tte til l\u00e6rere i \u00e5 vurdere virkningen av TIM p\u00e5 elever.<\/li>\n<\/ul>\n<p>\n<\/div><\/div><\/div><\/div><\/div><\/div><div class=\"kc-elm kc-css-602209 kc-row-container module\"><div class=\"wc-row row\"><div class=\"kc-wrap-columns\"><div class=\"kc-elm kc-css-153836 small-12 columns small-12\"><div class=\"kc-col-container\">\n<div class=\"kc-elm kc-css-237469 kc-title-wrap \">\n\n\t<h1 class=\"kc_title\">Nedlastinger<\/h1>\n<\/div>\n\n<div class=\"kc-elm kc-css-769869 kc-title-wrap \">\n\n\t<p class=\"kc_title\"><a href=\"http:\/\/old.theatreinmath.eu\/wp-content\/uploads\/2022\/03\/TIM-H\u00e5ndbok-i-metodologi-Norwegian_compressed.pdf\" class=\"kc_title_link\" title=\"\" target=\"_blank\">H\u00e5ndbok i metodologi<\/a><\/p>\n<\/div>\n\n<div class=\"kc-elm kc-css-256339 kc-title-wrap \">\n\n\t<p class=\"kc_title\"><a href=\"http:\/\/old.theatreinmath.eu\/wp-content\/uploads\/2022\/03\/TIM-Verkt\u00f8ykasse-Norwegian_compressed.pdf\" class=\"kc_title_link\" title=\"\" target=\"\">Verkt\u00f8ykasse: aktiviteter og \u00f8velser<\/a><\/p>\n<\/div>\n<\/div><\/div><\/div><\/div><\/div><div class=\"kc-elm kc-css-786492 kc-row-container module\"><div class=\"wc-row row\"><div class=\"kc-wrap-columns\"><div class=\"kc-elm kc-css-152261 small-12 columns small-12\"><div class=\"kc-col-container\"><div class=\"kc-elm kc-css-93854 kc-raw-code\"><div class=\"float-left\">\r\n<a class=\"primary button bordered-dark\" href=\"..\/scientific-publications\"><i class=\"sl-arrow-left\"><\/i>Vitenskapelig publisering<\/a><\/div>\r\n<div class=\"float-right\"><a class=\"primary button bordered-dark\" href=\"..\/learning-platform\">E-Laeringsplattform <i class=\"sl-arrow-right\"><\/i><\/a>\r\n<\/div><\/div><\/div><\/div><\/div><\/div><\/div><\/p>\n","protected":false},"excerpt":{"rendered":"","protected":false},"author":1,"featured_media":0,"parent":4443,"menu_order":0,"comment_status":"closed","ping_status":"closed","template":"template-modules.php","meta":{"footnotes":""},"_links":{"self":[{"href":"https:\/\/old.theatreinmath.eu\/no\/wp-json\/wp\/v2\/pages\/4719"}],"collection":[{"href":"https:\/\/old.theatreinmath.eu\/no\/wp-json\/wp\/v2\/pages"}],"about":[{"href":"https:\/\/old.theatreinmath.eu\/no\/wp-json\/wp\/v2\/types\/page"}],"author":[{"embeddable":true,"href":"https:\/\/old.theatreinmath.eu\/no\/wp-json\/wp\/v2\/users\/1"}],"replies":[{"embeddable":true,"href":"https:\/\/old.theatreinmath.eu\/no\/wp-json\/wp\/v2\/comments?post=4719"}],"version-history":[{"count":44,"href":"https:\/\/old.theatreinmath.eu\/no\/wp-json\/wp\/v2\/pages\/4719\/revisions"}],"predecessor-version":[{"id":6282,"href":"https:\/\/old.theatreinmath.eu\/no\/wp-json\/wp\/v2\/pages\/4719\/revisions\/6282"}],"up":[{"embeddable":true,"href":"https:\/\/old.theatreinmath.eu\/no\/wp-json\/wp\/v2\/pages\/4443"}],"wp:attachment":[{"href":"https:\/\/old.theatreinmath.eu\/no\/wp-json\/wp\/v2\/media?parent=4719"}],"curies":[{"name":"wp","href":"https:\/\/api.w.org\/{rel}","templated":true}]}}