{"id":4731,"date":"2019-07-05T11:06:43","date_gmt":"2019-07-05T11:06:43","guid":{"rendered":"http:\/\/old.theatreinmath.eu\/?page_id=4731"},"modified":"2022-03-04T12:11:42","modified_gmt":"2022-03-04T12:11:42","slug":"learning-platform","status":"publish","type":"page","link":"https:\/\/old.theatreinmath.eu\/no\/outputs\/learning-platform\/","title":{"rendered":"E-L\u00e6ringsplattform"},"content":{"rendered":"<p><div class=\"kc-elm kc-css-433004 kc-row-container module\"><div class=\"wc-row row\"><div class=\"kc-wrap-columns\"><div class=\"kc-elm kc-css-579168 small-12 columns small-12\"><div class=\"kc-col-container\"><div class=\"kc-elm kc-css-576457 kc-animated kc-animate-eff-fadeIn kc_shortcode kc_single_image\">\n\n        <img decoding=\"async\" src=\"https:\/\/old.theatreinmath.eu\/wp-content\/uploads\/2019\/02\/outputs-learning-platform-min-1024x500xc.jpg\" class=\"\" alt=\"\" \/>    <\/div>\n<\/div><\/div><\/div><\/div><\/div><div class=\"kc-elm kc-css-651310 kc-row-container module\"><div class=\"wc-row row\"><div class=\"kc-wrap-columns\"><div class=\"kc-elm kc-css-761912 small-12 columns small-12\"><div class=\"kc-col-container\"><div class=\"kc-elm kc-css-198950 kc-animated kc-animate-eff-fadeInUp kc_text_block\"><\/p>\n<p>E-l\u00e6ringsplattformen og lagring av data huser pedagogiske ressurser som brukes av instrukt\u00f8rer og l\u00e6rere n\u00e5r de skal gjennomf\u00f8re TIM metodologien med elever. Disse ressursene er publisert som \u00c5pne utdanningsressurser slik at de kan brukes fritt.<\/p>\n<p>E-l\u00e6ringsplatttformen gir st\u00f8tte til \u00e5 lage en nettverk av praktikere (Communities av Practice &#8211; CoPs) omkring TIM metodologien, og gir et referansepunkt for \u00e5 finne og dele pedagogiske ressurser, eksemplarisk praksis, ideer, osv. Denne seksjonen samler faktisk ogs\u00e5 TIM aktiviteter som er skapt av l\u00e6rere og instrukt\u00f8rer som gjennomf\u00f8rer TIM metodologien, og som \u00f8nsker \u00e5 dele de TIM leksjoner de har laget og skreddersydd for spesifikke emner i matematikk eller en spesiell situasjon i klasserommet.<\/p>\n<p>\n<\/div><\/div><\/div><\/div><\/div><\/div><div class=\"kc-elm kc-css-910214 kc-row-container module\"><div class=\"wc-row row\"><div class=\"kc-wrap-columns\"><div class=\"kc-elm kc-css-774694 small-12 columns small-12\"><div class=\"kc-col-container\">\n<div class=\"kc-elm kc-css-150784 kc-title-wrap \">\n\n\t<h1 class=\"kc_title\"><a href=\"https:\/\/tim.coursevo.com\/\" class=\"kc_title_link\" title=\"Learning Platform\" target=\"_blank\">E-l\u00e6ringsplattform<\/a><\/h1>\n<\/div>\n<\/div><\/div><\/div><\/div><\/div><div class=\"kc-elm kc-css-144923 kc-row-container module\"><div class=\"wc-row row\"><div class=\"kc-wrap-columns\"><div class=\"kc-elm kc-css-906157 small-12 columns small-12\"><div class=\"kc-col-container\"><div class=\"kc-elm kc-css-632794 kc-raw-code\"><div class=\"float-left\">\r\n<a class=\"primary button bordered-dark\" href=\"..\/tim-methodology\"><i class=\"sl-arrow-left\"><\/i> Tim-Metodologi<\/a><\/div>\r\n<div class=\"float-right\"><a class=\"primary button bordered-dark\" href=\"..\/theatrical-conference\">Teaterforestilling<i class=\"sl-arrow-right\"><\/i><\/a>\r\n<\/div><\/div><\/div><\/div><\/div><\/div><\/div><\/p>\n","protected":false},"excerpt":{"rendered":"","protected":false},"author":1,"featured_media":0,"parent":4443,"menu_order":0,"comment_status":"closed","ping_status":"closed","template":"template-modules.php","meta":{"footnotes":""},"_links":{"self":[{"href":"https:\/\/old.theatreinmath.eu\/no\/wp-json\/wp\/v2\/pages\/4731"}],"collection":[{"href":"https:\/\/old.theatreinmath.eu\/no\/wp-json\/wp\/v2\/pages"}],"about":[{"href":"https:\/\/old.theatreinmath.eu\/no\/wp-json\/wp\/v2\/types\/page"}],"author":[{"embeddable":true,"href":"https:\/\/old.theatreinmath.eu\/no\/wp-json\/wp\/v2\/users\/1"}],"replies":[{"embeddable":true,"href":"https:\/\/old.theatreinmath.eu\/no\/wp-json\/wp\/v2\/comments?post=4731"}],"version-history":[{"count":30,"href":"https:\/\/old.theatreinmath.eu\/no\/wp-json\/wp\/v2\/pages\/4731\/revisions"}],"predecessor-version":[{"id":6268,"href":"https:\/\/old.theatreinmath.eu\/no\/wp-json\/wp\/v2\/pages\/4731\/revisions\/6268"}],"up":[{"embeddable":true,"href":"https:\/\/old.theatreinmath.eu\/no\/wp-json\/wp\/v2\/pages\/4443"}],"wp:attachment":[{"href":"https:\/\/old.theatreinmath.eu\/no\/wp-json\/wp\/v2\/media?parent=4731"}],"curies":[{"name":"wp","href":"https:\/\/api.w.org\/{rel}","templated":true}]}}