{"id":4739,"date":"2019-07-05T11:10:10","date_gmt":"2019-07-05T11:10:10","guid":{"rendered":"http:\/\/old.theatreinmath.eu\/?page_id=4739"},"modified":"2022-03-24T06:26:42","modified_gmt":"2022-03-24T06:26:42","slug":"theatrical-conference","status":"publish","type":"page","link":"https:\/\/old.theatreinmath.eu\/no\/outputs\/theatrical-conference\/","title":{"rendered":"Teaterforestilling"},"content":{"rendered":"<p><div class=\"kc-elm kc-css-701529 kc-row-container module\"><div class=\"wc-row row\"><div class=\"kc-wrap-columns\"><div class=\"kc-elm kc-css-685099 small-12 columns small-12\"><div class=\"kc-col-container\"><div class=\"kc-elm kc-css-48759 kc-animated kc-animate-eff-fadeIn kc_shortcode kc_single_image\">\n\n        <img decoding=\"async\" src=\"https:\/\/old.theatreinmath.eu\/wp-content\/uploads\/2019\/02\/outputs-theatre-conference-min-1024x500xc.jpg\" class=\"\" alt=\"\" \/>    <\/div>\n<\/div><\/div><\/div><\/div><\/div><div class=\"kc-elm kc-css-892949 kc-row-container module\"><div class=\"wc-row row\"><div class=\"kc-wrap-columns\"><div class=\"kc-elm kc-css-496309 small-12 columns small-12\"><div class=\"kc-col-container\"><div class=\"kc-elm kc-css-794121 kc-animated kc-animate-eff-fadeInUp kc_text_block\"><\/p>\n<p>Den interaktive forestillingen, eller teaterkonferansen, er i Norge en forestilling med to skuespillere om frykten for matematikk, laget for et publikum av elever og l\u00e6rere i grunnskolen og ungdomsskolen (8-14 \u00e5r gamle). Forestillingen ble skrevet ved hjelp av en innovativ metode som involverte flere synspunkt og bidrag fra ekspertise og prosjektdeltakere, inkludert f\u00f8rsteh\u00e5nds erfaringer fra elever og l\u00e6rere. Skuespillet tar p\u00e5 en enkel, hum\u00f8rfylt men ogs\u00e5 gripende m\u00e5te m\u00e5te opp rollen som frykt og andre emosjoner har i matematikkundervisning.<\/p>\n<p>Den utforsker, sammen med publikum, konkrete hindre som frykt skaper i matematisk argumentasjon. Skuespillet er iscenesatt i Italia, Portugal, Hellas og Norge, og er tilgjengelig med tanke p\u00e5 forestillinger i de fire landa og ellers i Europa.<\/p>\n<p>\n<\/div><\/div><\/div><\/div><\/div><\/div><div class=\"kc-elm kc-css-805255 kc-row-container module\"><div class=\"wc-row row\"><div class=\"kc-wrap-columns\"><div class=\"kc-elm kc-css-864600 small-12 columns small-12\"><div class=\"kc-col-container\">\n<div class=\"kc-elm kc-css-947774 kc-title-wrap \">\n\n\t<h1 class=\"kc_title\">Manus<\/h1>\n<\/div>\n\n<div class=\"kc-elm kc-css-292337 kc-title-wrap \">\n\n\t<p class=\"kc_title\"><a href=\"http:\/\/old.theatreinmath.eu\/wp-content\/uploads\/2022\/03\/TIM-PERFORMANCE-Greek.pdf\" class=\"kc_title_link\" title=\"\" target=\"_blank\">Gresk (GR)<\/a><\/p>\n<\/div>\n\n<div class=\"kc-elm kc-css-726048 kc-title-wrap \">\n\n\t<p class=\"kc_title\"><a href=\"http:\/\/old.theatreinmath.eu\/wp-content\/uploads\/2022\/03\/TIM-PERFORMANCE-Italiano.pdf\" class=\"kc_title_link\" title=\"\" target=\"_blank\">Italiensk (IT)<\/a><\/p>\n<\/div>\n\n<div class=\"kc-elm kc-css-11685 kc-title-wrap \">\n\n\t<p class=\"kc_title\"><a href=\"http:\/\/old.theatreinmath.eu\/wp-content\/uploads\/2022\/03\/TIM-PERFORMANCE-Norwegian.pdf\" class=\"kc_title_link\" title=\"\" target=\"_blank\">Norsk (NO)<\/a><\/p>\n<\/div>\n\n<div class=\"kc-elm kc-css-957043 kc-title-wrap \">\n\n\t<p class=\"kc_title\"><a href=\"http:\/\/old.theatreinmath.eu\/wp-content\/uploads\/2022\/03\/TIM-PERFORMANCE-Portuguese.pdf\" class=\"kc_title_link\" title=\"\" target=\"_blank\">Portugisisk (PT)<\/a><\/p>\n<\/div>\n<\/div><\/div><\/div><\/div><\/div><div class=\"kc-elm kc-css-583726 kc-row-container module\"><div class=\"wc-row row\"><div class=\"kc-wrap-columns\"><div class=\"kc-elm kc-css-982027 small-12 columns small-12\"><div class=\"kc-col-container\">\n<div class=\"kc-elm kc-css-858067 kc-title-wrap \">\n\n\t<h1 class=\"kc_title\">Video<\/h1>\n<\/div>\n\n<div class=\"kc-elm kc-css-90648 kc-title-wrap \">\n\n\t<p class=\"kc_title\"><a href=\"https:\/\/www.youtube.com\/watch?v=zJzorghJNpU\" class=\"kc_title_link\" title=\"\" target=\"_blank\">Gresk<\/a><\/p>\n<\/div>\n\n<div class=\"kc-elm kc-css-455336 kc-title-wrap \">\n\n\t<p class=\"kc_title\"><a href=\"https:\/\/youtu.be\/1-P9kcgqL9s\" class=\"kc_title_link\" title=\"\" target=\"_blank\">Norsk<\/a><\/p>\n<\/div>\n\n<div class=\"kc-elm kc-css-963456 kc-title-wrap \">\n\n\t<p class=\"kc_title\"><a href=\"https:\/\/www.youtube.com\/watch?v=heLAQ71Hnr4\" class=\"kc_title_link\" title=\"\" target=\"_blank\">Portugisisk<\/a><\/p>\n<\/div>\n<\/div><\/div><\/div><\/div><\/div><div class=\"kc-elm kc-css-136811 kc-row-container module\"><div class=\"wc-row row\"><div class=\"kc-wrap-columns\"><div class=\"kc-elm kc-css-381723 small-12 columns small-12\"><div class=\"kc-col-container\"><div class=\"kc-elm kc-css-594686 kc-raw-code\"><div class=\"float-left\">\r\n<a class=\"primary button bordered-dark\" href=\"..\/learning-platform\"><i class=\"sl-arrow-left\"><\/i> E-L\u00e6ringsplattform<\/a><\/div>\r\n<div class=\"float-right\"><a class=\"primary button bordered-dark\" href=\"..\/scientific-publications\">Vitenskapelig publisering<i class=\"sl-arrow-right\"><\/i><\/a>\r\n<\/div><\/div><\/div><\/div><\/div><\/div><\/div><\/p>\n","protected":false},"excerpt":{"rendered":"","protected":false},"author":1,"featured_media":0,"parent":4443,"menu_order":0,"comment_status":"closed","ping_status":"closed","template":"template-modules.php","meta":{"footnotes":""},"_links":{"self":[{"href":"https:\/\/old.theatreinmath.eu\/no\/wp-json\/wp\/v2\/pages\/4739"}],"collection":[{"href":"https:\/\/old.theatreinmath.eu\/no\/wp-json\/wp\/v2\/pages"}],"about":[{"href":"https:\/\/old.theatreinmath.eu\/no\/wp-json\/wp\/v2\/types\/page"}],"author":[{"embeddable":true,"href":"https:\/\/old.theatreinmath.eu\/no\/wp-json\/wp\/v2\/users\/1"}],"replies":[{"embeddable":true,"href":"https:\/\/old.theatreinmath.eu\/no\/wp-json\/wp\/v2\/comments?post=4739"}],"version-history":[{"count":60,"href":"https:\/\/old.theatreinmath.eu\/no\/wp-json\/wp\/v2\/pages\/4739\/revisions"}],"predecessor-version":[{"id":6381,"href":"https:\/\/old.theatreinmath.eu\/no\/wp-json\/wp\/v2\/pages\/4739\/revisions\/6381"}],"up":[{"embeddable":true,"href":"https:\/\/old.theatreinmath.eu\/no\/wp-json\/wp\/v2\/pages\/4443"}],"wp:attachment":[{"href":"https:\/\/old.theatreinmath.eu\/no\/wp-json\/wp\/v2\/media?parent=4739"}],"curies":[{"name":"wp","href":"https:\/\/api.w.org\/{rel}","templated":true}]}}