{"id":3182,"date":"2019-04-07T18:14:04","date_gmt":"2019-04-07T18:14:04","guid":{"rendered":"http:\/\/old.theatreinmath.eu\/?page_id=3182"},"modified":"2022-03-03T14:21:31","modified_gmt":"2022-03-03T14:21:31","slug":"outputs","status":"publish","type":"page","link":"https:\/\/old.theatreinmath.eu\/pt-pt\/outputs\/","title":{"rendered":"Outputs"},"content":{"rendered":"<div class=\"kc-elm kc-css-259077 kc-row-container module\"><div class=\"wc-row\"><div class=\"kc-wrap-columns\"><div class=\"kc-elm kc-css-899542 small-12 kc-animated kc-animate-eff-fadeInRight columns small-12\"><div class=\"kc-col-container\"><div class=\"rdextkc_service-1-up effect-up kc-elm kc-css-38208 eak-icon-wrapper\"><ul>\r\n                                <li>\r\n                                <div class=\"h-center ser_front_wrap\">\r\n                                <div class=\"v-center\"><img decoding=\"async\" style=\"width:;\" alt=\"\" src=\"https:\/\/old.theatreinmath.eu\/wp-content\/uploads\/2019\/02\/outputs-methodology-min.jpg\"><h2 class=\"title\">Metodologia TIM<\/h2>\r\n                                <\/div>\r\n                                <\/div>\r\n                                <\/li><li><a class=\"href\" href=\".\/tim-methodology\" title=\"TIM Methdology\" target=\"\"><div class=\"h-center ser_back_wrap\">\r\n                                        <div class=\"v-center\">\r\n                                            <h3 class=\"title-after\"><span class=\"txt-h\">Metodologia TIM<\/span><\/h3>\r\n                                            <p class=\"des\">Uma metodologia para apoiar o ensino e a aprendizagem da Matem\u00e1tica atrav\u00e9s do uso de atividades de teatro e Process Drama.<\/p>\r\n                                    \r\n                                        <\/div>\r\n                                    <\/div><\/a><\/li>\r\n                                <\/ul>\r\n                        <\/div><\/div><\/div><div class=\"kc-elm kc-css-38254 small-12 kc-animated kc-animate-eff-fadeIn kc-animate-delay-100 columns small-12\"><div class=\"kc-col-container\"><div class=\"rdextkc_service-1-down effect-down kc-elm kc-css-845140 eak-icon-wrapper\"><ul>\r\n                                <li>\r\n                                <div class=\"h-center ser_front_wrap\">\r\n                                <div class=\"v-center\"><img decoding=\"async\" style=\"width:32;\" alt=\"\" src=\"https:\/\/old.theatreinmath.eu\/wp-content\/uploads\/2019\/02\/outputs-learning-platform-min.jpg\"><h2 class=\"title\">Plataforma e-learning<\/h2>\r\n                                <\/div>\r\n                                <\/div>\r\n                                <\/li><li><a class=\"href\" href=\".\/learning-platform\" title=\"Learning Platform\" target=\"\"><div class=\"h-center ser_back_wrap\">\r\n                                        <div class=\"v-center\">\r\n                                            <h3 class=\"title-after\"><span class=\"txt-h\">Plataforma e-learning<\/span><\/h3>\r\n                                            <p class=\"des\">A Plataforma de Aprendizagem e o Reposit\u00f3rio com Recursos Educacionais Abertos sobre a Metodologia TIM.<\/p>\r\n                                    \r\n                                        <\/div>\r\n                                    <\/div><\/a><\/li>\r\n                                <\/ul>\r\n                        <\/div><\/div><\/div><div class=\"kc-elm kc-css-765791 small-12 kc-animated kc-animate-eff-fadeIn kc-animate-delay-100 columns small-12\"><div class=\"kc-col-container\"><div class=\"rdextkc_service-1-up effect-up kc-elm kc-css-840375 eak-icon-wrapper\"><ul>\r\n                                <li>\r\n                                <div class=\"h-center ser_front_wrap\">\r\n                                <div class=\"v-center\"><img decoding=\"async\" style=\"width:32;\" alt=\"\" src=\"https:\/\/old.theatreinmath.eu\/wp-content\/uploads\/2019\/02\/outputs-theatre-conference-min.jpg\"><h2 class=\"title\">Confer\u00eancia Teatral<\/h2>\r\n                                <\/div>\r\n                                <\/div>\r\n                                <\/li><li><a class=\"href\" href=\".\/theatrical-conference\" title=\"Theatrical Conference\" target=\"\"><div class=\"h-center ser_back_wrap\">\r\n                                        <div class=\"v-center\">\r\n                                            <h3 class=\"title-after\"><span class=\"txt-h\">Confer\u00eancia Teatral<\/span><\/h3>\r\n                                            <p class=\"des\">\"Os Medos da Matem\u00e1tica\". Uma performance interativa para o p\u00fablico jovem, para refletir sobre o papel das emo\u00e7\u00f5es na aprendizagem da matem\u00e1tica.<\/p>\r\n                                    \r\n                                        <\/div>\r\n                                    <\/div><\/a><\/li>\r\n                                <\/ul>\r\n                        <\/div><\/div><\/div><div class=\"kc-elm kc-css-161806 small-12 kc-animated kc-animate-eff-fadeInLeft columns small-12\"><div class=\"kc-col-container\"><div class=\"rdextkc_service-1-up effect-up kc-elm kc-css-270949 eak-icon-wrapper\"><ul>\r\n                                <li>\r\n                                <div class=\"h-center ser_front_wrap\">\r\n                                <div class=\"v-center\"><img decoding=\"async\" style=\"width:32;\" alt=\"\" src=\"https:\/\/old.theatreinmath.eu\/wp-content\/uploads\/2019\/02\/outputs-scientific-pubblications-min.jpg\"><h2 class=\"title\">Publica\u00e7\u00f5es Cient\u00edficas<\/h2>\r\n                                <\/div>\r\n                                <\/div>\r\n                                <\/li><li><a class=\"href\" href=\".\/scientific-publications\" title=\"Scientific Publications\" target=\"\"><div class=\"h-center ser_back_wrap\">\r\n                                        <div class=\"v-center\">\r\n                                            <h3 class=\"title-after\"><span class=\"txt-h\">Publica\u00e7\u00f5es Cient\u00edficas<\/span><\/h3>\r\n                                            <p class=\"des\">Publica\u00e7\u00f5es cient\u00edficas indagando o papel do teatro na aprendizagem e ensino da matem\u00e1tica.<\/p>\r\n                                    \r\n                                        <\/div>\r\n                                    <\/div><\/a><\/li>\r\n                                <\/ul>\r\n                        <\/div><\/div><\/div><\/div><\/div><\/div>\n","protected":false},"excerpt":{"rendered":"","protected":false},"author":1,"featured_media":0,"parent":0,"menu_order":0,"comment_status":"closed","ping_status":"closed","template":"template-modules.php","meta":{"footnotes":""},"_links":{"self":[{"href":"https:\/\/old.theatreinmath.eu\/pt-pt\/wp-json\/wp\/v2\/pages\/3182"}],"collection":[{"href":"https:\/\/old.theatreinmath.eu\/pt-pt\/wp-json\/wp\/v2\/pages"}],"about":[{"href":"https:\/\/old.theatreinmath.eu\/pt-pt\/wp-json\/wp\/v2\/types\/page"}],"author":[{"embeddable":true,"href":"https:\/\/old.theatreinmath.eu\/pt-pt\/wp-json\/wp\/v2\/users\/1"}],"replies":[{"embeddable":true,"href":"https:\/\/old.theatreinmath.eu\/pt-pt\/wp-json\/wp\/v2\/comments?post=3182"}],"version-history":[{"count":19,"href":"https:\/\/old.theatreinmath.eu\/pt-pt\/wp-json\/wp\/v2\/pages\/3182\/revisions"}],"predecessor-version":[{"id":6082,"href":"https:\/\/old.theatreinmath.eu\/pt-pt\/wp-json\/wp\/v2\/pages\/3182\/revisions\/6082"}],"wp:attachment":[{"href":"https:\/\/old.theatreinmath.eu\/pt-pt\/wp-json\/wp\/v2\/media?parent=3182"}],"curies":[{"name":"wp","href":"https:\/\/api.w.org\/{rel}","templated":true}]}}