{"id":3198,"date":"2019-04-07T18:22:11","date_gmt":"2019-04-07T18:22:11","guid":{"rendered":"http:\/\/old.theatreinmath.eu\/?page_id=3198"},"modified":"2022-03-03T14:53:11","modified_gmt":"2022-03-03T14:53:11","slug":"scientific-publications","status":"publish","type":"page","link":"https:\/\/old.theatreinmath.eu\/pt-pt\/outputs\/scientific-publications\/","title":{"rendered":"Publica\u00e7\u00f5es Cient\u00edficas"},"content":{"rendered":"<p><div class=\"kc-elm kc-css-618236 kc-row-container module\"><div class=\"wc-row row\"><div class=\"kc-wrap-columns\"><div class=\"kc-elm kc-css-464461 small-12 columns small-12\"><div class=\"kc-col-container\"><div class=\"kc-elm kc-css-732336 kc-animated kc-animate-eff-fadeIn kc_shortcode kc_single_image\">\n\n        <img decoding=\"async\" src=\"https:\/\/old.theatreinmath.eu\/wp-content\/uploads\/2019\/02\/home-scientific-publications-1024x500xc.jpg\" class=\"\" alt=\"\" \/>    <\/div>\n<\/div><\/div><\/div><\/div><\/div><div class=\"kc-elm kc-css-162972 kc-row-container module\"><div class=\"wc-row row\"><div class=\"kc-wrap-columns\"><div class=\"kc-elm kc-css-739122 small-12 columns small-12\"><div class=\"kc-col-container\"><div class=\"kc-elm kc-css-561907 kc-animated kc-animate-eff-fadeInUp kc_text_block\"><\/p>\n<p>Quatro artigos cient\u00edficos ir\u00e3o analisar e apresentar as quest\u00f5es centrais examinadas no desenvolvimento da Metodologia TIM, investigando t\u00f3picos tais como a aprendizagem e instru\u00e7\u00e3o da matem\u00e1tica, o papel do teatro na aquisi\u00e7\u00e3o, o papel das emo\u00e7\u00f5es na aprendizagem, a pedagogia l\u00fadica e a auto-efic\u00e1cia no ensino da matem\u00e1tica, compet\u00eancias e desenvolvimento de habilidades para a vida na escola e, muito mais.<\/p>\n<p>\n<\/div><\/div><\/div><\/div><\/div><\/div><div class=\"kc-elm kc-css-514672 kc-row-container module\"><div class=\"wc-row row\"><div class=\"kc-wrap-columns\"><div class=\"kc-elm kc-css-109899 small-12 columns small-12\"><div class=\"kc-col-container\"><div class=\"kc-elm kc-css-778360 kc-raw-code\"><div class=\"float-left\">\r\n<a class=\"primary button bordered-dark\" href=\"..\/theatrical-conference\"><i class=\"sl-arrow-left\"><\/i> Confer\u00eancia Teatral<\/a><\/div>\r\n<div class=\"float-right\"><a class=\"primary button bordered-dark\" href=\"..\/tim-methodology\">Metodologia TIM  <i class=\"sl-arrow-right\"><\/i><\/a>\r\n<\/div><\/div><\/div><\/div><\/div><\/div><\/div><\/p>\n","protected":false},"excerpt":{"rendered":"","protected":false},"author":1,"featured_media":0,"parent":3182,"menu_order":0,"comment_status":"closed","ping_status":"closed","template":"template-modules.php","meta":{"footnotes":""},"_links":{"self":[{"href":"https:\/\/old.theatreinmath.eu\/pt-pt\/wp-json\/wp\/v2\/pages\/3198"}],"collection":[{"href":"https:\/\/old.theatreinmath.eu\/pt-pt\/wp-json\/wp\/v2\/pages"}],"about":[{"href":"https:\/\/old.theatreinmath.eu\/pt-pt\/wp-json\/wp\/v2\/types\/page"}],"author":[{"embeddable":true,"href":"https:\/\/old.theatreinmath.eu\/pt-pt\/wp-json\/wp\/v2\/users\/1"}],"replies":[{"embeddable":true,"href":"https:\/\/old.theatreinmath.eu\/pt-pt\/wp-json\/wp\/v2\/comments?post=3198"}],"version-history":[{"count":12,"href":"https:\/\/old.theatreinmath.eu\/pt-pt\/wp-json\/wp\/v2\/pages\/3198\/revisions"}],"predecessor-version":[{"id":6134,"href":"https:\/\/old.theatreinmath.eu\/pt-pt\/wp-json\/wp\/v2\/pages\/3198\/revisions\/6134"}],"up":[{"embeddable":true,"href":"https:\/\/old.theatreinmath.eu\/pt-pt\/wp-json\/wp\/v2\/pages\/3182"}],"wp:attachment":[{"href":"https:\/\/old.theatreinmath.eu\/pt-pt\/wp-json\/wp\/v2\/media?parent=3198"}],"curies":[{"name":"wp","href":"https:\/\/api.w.org\/{rel}","templated":true}]}}