{"id":3207,"date":"2019-04-07T18:25:55","date_gmt":"2019-04-07T18:25:55","guid":{"rendered":"http:\/\/old.theatreinmath.eu\/?page_id=3207"},"modified":"2022-03-24T06:27:00","modified_gmt":"2022-03-24T06:27:00","slug":"theatrical-conference","status":"publish","type":"page","link":"https:\/\/old.theatreinmath.eu\/pt-pt\/outputs\/theatrical-conference\/","title":{"rendered":"Confer\u00eancia Teatral"},"content":{"rendered":"<p><div class=\"kc-elm kc-css-717061 kc-row-container module\"><div class=\"wc-row row\"><div class=\"kc-wrap-columns\"><div class=\"kc-elm kc-css-295739 small-12 columns small-12\"><div class=\"kc-col-container\"><div class=\"kc-elm kc-css-631218 kc-animated kc-animate-eff-fadeIn kc_shortcode kc_single_image\">\n\n        <img decoding=\"async\" src=\"https:\/\/old.theatreinmath.eu\/wp-content\/uploads\/2019\/02\/outputs-theatre-conference-min-1024x500xc.jpg\" class=\"\" alt=\"\" \/>    <\/div>\n<\/div><\/div><\/div><\/div><\/div><div class=\"kc-elm kc-css-562132 kc-row-container module\"><div class=\"wc-row row\"><div class=\"kc-wrap-columns\"><div class=\"kc-elm kc-css-770688 small-12 columns small-12\"><div class=\"kc-col-container\"><div class=\"kc-elm kc-css-678646 kc-animated kc-animate-eff-fadeInUp kc_text_block\"><\/p>\n<p>A performance interativa, ou confer\u00eancia teatral, \u00e9 uma pe\u00e7a teatral sobre o medo da matem\u00e1tica, concebida para um p\u00fablico de alunos entre 8 \u2013 14 anos, e professores. A performance foi escrita com um m\u00e9todo inovador que envolveu m\u00faltiplos pontos de vista e contribui\u00e7\u00f5es de especialistas e participantes do projeto, incluindo experi\u00eancias em primeira m\u00e3o de alunos e professores. A pe\u00e7a aborda de forma simples e ir\u00f3nica o papel do medo e de outras emo\u00e7\u00f5es no aprendizado da matem\u00e1tica, e explora com o p\u00fablico os obst\u00e1culos concretos que o medo gera no racioc\u00ednio matem\u00e1tico. A pe\u00e7a foi encenada em It\u00e1lia, Portugal, Gr\u00e9cia, Noruega e est\u00e1 dispon\u00edvel para ser apresentada em escolas dos quatro pa\u00edses parceiros e nos demais pa\u00edses da Europa.<\/p>\n<p>\n<\/div><\/div><\/div><\/div><\/div><\/div><div class=\"kc-elm kc-css-487438 kc-row-container module\"><div class=\"wc-row row\"><div class=\"kc-wrap-columns\"><div class=\"kc-elm kc-css-474992 small-12 columns small-12\"><div class=\"kc-col-container\">\n<div class=\"kc-elm kc-css-146195 kc-title-wrap \">\n\n\t<h1 class=\"kc_title\">Roteiro<\/h1>\n<\/div>\n\n<div class=\"kc-elm kc-css-277328 kc-title-wrap \">\n\n\t<p class=\"kc_title\"><a href=\"http:\/\/old.theatreinmath.eu\/wp-content\/uploads\/2022\/03\/TIM-PERFORMANCE-Greek.pdf\" class=\"kc_title_link\" title=\"\" target=\"_blank\">Grego (GR)<\/a><\/p>\n<\/div>\n\n<div class=\"kc-elm kc-css-843061 kc-title-wrap \">\n\n\t<p class=\"kc_title\"><a href=\"http:\/\/old.theatreinmath.eu\/wp-content\/uploads\/2022\/03\/TIM-PERFORMANCE-Italiano.pdf\" class=\"kc_title_link\" title=\"\" target=\"_blank\">Italiano (IT)<\/a><\/p>\n<\/div>\n\n<div class=\"kc-elm kc-css-63721 kc-title-wrap \">\n\n\t<p class=\"kc_title\"><a href=\"http:\/\/old.theatreinmath.eu\/wp-content\/uploads\/2022\/03\/TIM-PERFORMANCE-Norwegian.pdf\" class=\"kc_title_link\" title=\"\" target=\"_blank\">Noruegu\u00eas (NO)<\/a><\/p>\n<\/div>\n\n<div class=\"kc-elm kc-css-170895 kc-title-wrap \">\n\n\t<p class=\"kc_title\"><a href=\"http:\/\/old.theatreinmath.eu\/wp-content\/uploads\/2022\/03\/TIM-PERFORMANCE-Portuguese.pdf\" class=\"kc_title_link\" title=\"\" target=\"_blank\">Portugu\u00eas (PT)<\/a><\/p>\n<\/div>\n<\/div><\/div><\/div><\/div><\/div><div class=\"kc-elm kc-css-279834 kc-row-container module\"><div class=\"wc-row row\"><div class=\"kc-wrap-columns\"><div class=\"kc-elm kc-css-505513 small-12 columns small-12\"><div class=\"kc-col-container\">\n<div class=\"kc-elm kc-css-675308 kc-title-wrap \">\n\n\t<h1 class=\"kc_title\">V\u00eddeo<\/h1>\n<\/div>\n\n<div class=\"kc-elm kc-css-271266 kc-title-wrap \">\n\n\t<p class=\"kc_title\"><a href=\"https:\/\/www.youtube.com\/watch?v=zJzorghJNpU\" class=\"kc_title_link\" title=\"\" target=\"_blank\">Grego<\/a><\/p>\n<\/div>\n\n<div class=\"kc-elm kc-css-482601 kc-title-wrap \">\n\n\t<p class=\"kc_title\"><a href=\"https:\/\/youtu.be\/1-P9kcgqL9s\" class=\"kc_title_link\" title=\"\" target=\"_blank\">Noruegu\u00eas<\/a><\/p>\n<\/div>\n\n<div class=\"kc-elm kc-css-798137 kc-title-wrap \">\n\n\t<p class=\"kc_title\"><a href=\"https:\/\/www.youtube.com\/watch?v=heLAQ71Hnr4\" class=\"kc_title_link\" title=\"\" target=\"_blank\">Portugu\u00eas<\/a><\/p>\n<\/div>\n<\/div><\/div><\/div><\/div><\/div><div class=\"kc-elm kc-css-255615 kc-row-container module\"><div class=\"wc-row row\"><div class=\"kc-wrap-columns\"><div class=\"kc-elm kc-css-624295 small-12 columns small-12\"><div class=\"kc-col-container\"><div class=\"kc-elm kc-css-179815 kc-raw-code\"><div class=\"float-left\">\r\n<a class=\"primary button bordered-dark\" href=\"..\/learning-platform\"><i class=\"sl-arrow-left\"><\/i> Plataforma de aprendizagem<\/a><\/div>\r\n<div class=\"float-right\"><a class=\"primary button bordered-dark\" href=\"..\/scientific-publications\">Publica\u00e7\u00f5es Cient\u00edficas <i class=\"sl-arrow-right\"><\/i><\/a>\r\n<\/div><\/div><\/div><\/div><\/div><\/div><\/div><\/p>\n","protected":false},"excerpt":{"rendered":"","protected":false},"author":1,"featured_media":0,"parent":3182,"menu_order":0,"comment_status":"closed","ping_status":"closed","template":"template-modules.php","meta":{"footnotes":""},"_links":{"self":[{"href":"https:\/\/old.theatreinmath.eu\/pt-pt\/wp-json\/wp\/v2\/pages\/3207"}],"collection":[{"href":"https:\/\/old.theatreinmath.eu\/pt-pt\/wp-json\/wp\/v2\/pages"}],"about":[{"href":"https:\/\/old.theatreinmath.eu\/pt-pt\/wp-json\/wp\/v2\/types\/page"}],"author":[{"embeddable":true,"href":"https:\/\/old.theatreinmath.eu\/pt-pt\/wp-json\/wp\/v2\/users\/1"}],"replies":[{"embeddable":true,"href":"https:\/\/old.theatreinmath.eu\/pt-pt\/wp-json\/wp\/v2\/comments?post=3207"}],"version-history":[{"count":20,"href":"https:\/\/old.theatreinmath.eu\/pt-pt\/wp-json\/wp\/v2\/pages\/3207\/revisions"}],"predecessor-version":[{"id":6383,"href":"https:\/\/old.theatreinmath.eu\/pt-pt\/wp-json\/wp\/v2\/pages\/3207\/revisions\/6383"}],"up":[{"embeddable":true,"href":"https:\/\/old.theatreinmath.eu\/pt-pt\/wp-json\/wp\/v2\/pages\/3182"}],"wp:attachment":[{"href":"https:\/\/old.theatreinmath.eu\/pt-pt\/wp-json\/wp\/v2\/media?parent=3207"}],"curies":[{"name":"wp","href":"https:\/\/api.w.org\/{rel}","templated":true}]}}