{"id":3215,"date":"2019-04-07T18:31:29","date_gmt":"2019-04-07T18:31:29","guid":{"rendered":"http:\/\/old.theatreinmath.eu\/?page_id=3215"},"modified":"2022-03-03T17:15:41","modified_gmt":"2022-03-03T17:15:41","slug":"learning-platform","status":"publish","type":"page","link":"https:\/\/old.theatreinmath.eu\/pt-pt\/outputs\/learning-platform\/","title":{"rendered":"Plataforma de Aprendizagem"},"content":{"rendered":"<p><div class=\"kc-elm kc-css-790149 kc-row-container module\"><div class=\"wc-row row\"><div class=\"kc-wrap-columns\"><div class=\"kc-elm kc-css-405721 small-12 columns small-12\"><div class=\"kc-col-container\"><div class=\"kc-elm kc-css-68778 kc-animated kc-animate-eff-fadeIn kc_shortcode kc_single_image\">\n\n        <img decoding=\"async\" src=\"https:\/\/old.theatreinmath.eu\/wp-content\/uploads\/2019\/02\/outputs-learning-platform-min-1024x500xc.jpg\" class=\"\" alt=\"\" \/>    <\/div>\n<\/div><\/div><\/div><\/div><\/div><div class=\"kc-elm kc-css-459740 kc-row-container module\"><div class=\"wc-row row\"><div class=\"kc-wrap-columns\"><div class=\"kc-elm kc-css-401466 small-12 columns small-12\"><div class=\"kc-col-container\"><div class=\"kc-elm kc-css-247029 kc-animated kc-animate-eff-fadeInUp kc_text_block\"><\/p>\n<p>O TIM criar\u00e1 e manter\u00e1 uma plataforma e-learning e reposit\u00f3rio que ir\u00e1 hospedar recursos educacionais a serem usados por professores e formadores, ao colocarem a metodologia TIM em pr\u00e1tica. Esses recursos ser\u00e3o mais elaborados, de modo a serem publicados como Recursos Educacionais Abertos, para poderem ser usados livremente em v\u00e1rios contextos.<\/p>\n<p>A plataforma de aprendizagem ser\u00e1 usada para apoiar a cria\u00e7\u00e3o de Comunidades de Pr\u00e1ticas (CoPs) \u00e0 volta da metodologia TIM, convertendo-se num ponto de refer\u00eancia na partilha e encontro de recursos educacionais, melhores pr\u00e1ticas, ideias, etc. Esta sec\u00e7\u00e3o tamb\u00e9m re\u00fane atividades criadas por professores e formadores que implementam a metodologia TIM, que partilham a li\u00e7\u00e3o TIM adaptadas por eles, a um t\u00f3pico espec\u00edfico de matem\u00e1tica ou contexto de sala de aula.<\/p>\n<p>\n<\/div><\/div><\/div><\/div><\/div><\/div><div class=\"kc-elm kc-css-891245 kc-row-container module\"><div class=\"wc-row row\"><div class=\"kc-wrap-columns\"><div class=\"kc-elm kc-css-580472 small-12 columns small-12\"><div class=\"kc-col-container\">\n<div class=\"kc-elm kc-css-514595 kc-title-wrap \">\n\n\t<h1 class=\"kc_title\"><a href=\"https:\/\/tim.coursevo.com\/\" class=\"kc_title_link\" title=\"Learning Platform\" target=\"_blank\">Plataforma e-learning<\/a><\/h1>\n<\/div>\n<\/div><\/div><\/div><\/div><\/div><div class=\"kc-elm kc-css-842062 kc-row-container module\"><div class=\"wc-row row\"><div class=\"kc-wrap-columns\"><div class=\"kc-elm kc-css-33158 small-12 columns small-12\"><div class=\"kc-col-container\"><div class=\"kc-elm kc-css-182217 kc-raw-code\"><div class=\"float-left\">\r\n<a class=\"primary button bordered-dark\" href=\"..\/tim-methodology\"><i class=\"sl-arrow-left\"><\/i>Metodologia TIM <\/a><\/div>\r\n<div class=\"float-right\"><a class=\"primary button bordered-dark\" href=\"..\/theatrical-conference\">Confer\u00eancia Teatral <i class=\"sl-arrow-right\"><\/i><\/a>\r\n<\/div><\/div><\/div><\/div><\/div><\/div><\/div><\/p>\n","protected":false},"excerpt":{"rendered":"","protected":false},"author":1,"featured_media":0,"parent":3182,"menu_order":0,"comment_status":"closed","ping_status":"closed","template":"template-modules.php","meta":{"footnotes":""},"_links":{"self":[{"href":"https:\/\/old.theatreinmath.eu\/pt-pt\/wp-json\/wp\/v2\/pages\/3215"}],"collection":[{"href":"https:\/\/old.theatreinmath.eu\/pt-pt\/wp-json\/wp\/v2\/pages"}],"about":[{"href":"https:\/\/old.theatreinmath.eu\/pt-pt\/wp-json\/wp\/v2\/types\/page"}],"author":[{"embeddable":true,"href":"https:\/\/old.theatreinmath.eu\/pt-pt\/wp-json\/wp\/v2\/users\/1"}],"replies":[{"embeddable":true,"href":"https:\/\/old.theatreinmath.eu\/pt-pt\/wp-json\/wp\/v2\/comments?post=3215"}],"version-history":[{"count":18,"href":"https:\/\/old.theatreinmath.eu\/pt-pt\/wp-json\/wp\/v2\/pages\/3215\/revisions"}],"predecessor-version":[{"id":6250,"href":"https:\/\/old.theatreinmath.eu\/pt-pt\/wp-json\/wp\/v2\/pages\/3215\/revisions\/6250"}],"up":[{"embeddable":true,"href":"https:\/\/old.theatreinmath.eu\/pt-pt\/wp-json\/wp\/v2\/pages\/3182"}],"wp:attachment":[{"href":"https:\/\/old.theatreinmath.eu\/pt-pt\/wp-json\/wp\/v2\/media?parent=3215"}],"curies":[{"name":"wp","href":"https:\/\/api.w.org\/{rel}","templated":true}]}}