{"id":3226,"date":"2019-04-07T18:34:16","date_gmt":"2019-04-07T18:34:16","guid":{"rendered":"http:\/\/old.theatreinmath.eu\/?page_id=3226"},"modified":"2022-03-03T15:38:38","modified_gmt":"2022-03-03T15:38:38","slug":"tim-methodology","status":"publish","type":"page","link":"https:\/\/old.theatreinmath.eu\/pt-pt\/outputs\/tim-methodology\/","title":{"rendered":"Metodologia TIM"},"content":{"rendered":"<p><div class=\"kc-elm kc-css-550967 kc-row-container module\"><div class=\"wc-row row\"><div class=\"kc-wrap-columns\"><div class=\"kc-elm kc-css-269448 small-12 columns small-12\"><div class=\"kc-col-container\"><div class=\"kc-elm kc-css-704258 kc-animated kc-animate-eff-fadeIn kc_shortcode kc_single_image\">\n\n        <img decoding=\"async\" src=\"https:\/\/old.theatreinmath.eu\/wp-content\/uploads\/2019\/02\/outputs-methodology-min-1024x500xc.jpg\" class=\"\" alt=\"\" \/>    <\/div>\n<\/div><\/div><\/div><\/div><\/div><div class=\"kc-elm kc-css-759943 kc-row-container module\"><div class=\"wc-row row\"><div class=\"kc-wrap-columns\"><div class=\"kc-elm kc-css-273886 small-12 columns small-12\"><div class=\"kc-col-container\"><div class=\"kc-elm kc-css-688158 kc-animated kc-animate-eff-fadeInUp kc_text_block\"><\/p>\n<p>A metodologia TIM origina-se da avalia\u00e7\u00e3o e combina\u00e7\u00e3o de duas metodologias complementares: \u201cMathemart \u2014 Brincando com matem\u00e1tica na oficina de teatro\u201d e \u201cProcess Drama \u2014 mudan\u00e7a de pap\u00e9is, perspetivas e aspetos da posi\u00e7\u00e3o no ensino de matem\u00e1tica\u201d. A potencialidade de ser uma metodologia inclusiva e envolvente \u00e9 uma das inova\u00e7\u00f5es mais importantes. O Manual de Metodologia TIM, dispon\u00edvel na plataforma de e-learning, cont\u00e9m todos os resultados metodol\u00f3gicas que estiveram no projeto TIM, e inclui:<\/p>\n<ul>\n<li>Manual de Metodologia TIM. Um manual que explica a teoria e as premissas por tr\u00e1s da Metodologia TIM.<\/li>\n<li>TIM Toolkit: atividades e exerc\u00edcios. Um guia pr\u00e1tico que descreve detalhadamente todas as atividades que fazem parte da metodologia TIM, com dicas de como realiz\u00e1-las.<\/li>\n<li>Kits de avalia\u00e7\u00e3o de compet\u00eancias para professores, um guia para o processo de avalia\u00e7\u00e3o, para apoiar os professores na avalia\u00e7\u00e3o dos efeitos do TIM nos alunos.<\/li>\n<\/ul>\n<p>\n<\/div><\/div><\/div><\/div><\/div><\/div><div class=\"kc-elm kc-css-471297 kc-row-container module\"><div class=\"wc-row row\"><div class=\"kc-wrap-columns\"><div class=\"kc-elm kc-css-109119 small-12 columns small-12\"><div class=\"kc-col-container\">\n<div class=\"kc-elm kc-css-867751 kc-title-wrap \">\n\n\t<h1 class=\"kc_title\">Transfer\u00eancias<\/h1>\n<\/div>\n\n<div class=\"kc-elm kc-css-121518 kc-title-wrap \">\n\n\t<p class=\"kc_title\"><a href=\"http:\/\/old.theatreinmath.eu\/wp-content\/uploads\/2022\/03\/TIM-Manual-de-Metodologia-Portuguese_compressed.pdf\" class=\"kc_title_link\" title=\"\" target=\"_blank\">Manual de Metodologia<\/a><\/p>\n<\/div>\n\n<div class=\"kc-elm kc-css-280044 kc-title-wrap \">\n\n\t<p class=\"kc_title\"><a href=\"http:\/\/old.theatreinmath.eu\/wp-content\/uploads\/2022\/03\/TIM-Toolkit-atividades-e-exerc\u00edcios-Portuguese_compressed.pdf\" class=\"kc_title_link\" title=\"\" target=\"_blank\">Toolkit: atividades e exerc\u00edcios<\/a><\/p>\n<\/div>\n<\/div><\/div><\/div><\/div><\/div><div class=\"kc-elm kc-css-10310 kc-row-container module\"><div class=\"wc-row row\"><div class=\"kc-wrap-columns\"><div class=\"kc-elm kc-css-821232 small-12 columns small-12\"><div class=\"kc-col-container\"><div class=\"kc-elm kc-css-154931 kc-raw-code\"><div class=\"float-left\">\r\n<a class=\"primary button bordered-dark\" href=\"..\/scientific-publications\"><i class=\"sl-arrow-left\"><\/i> Publica\u00e7\u00f5es Cient\u00edficas<\/a><\/div>\r\n<div class=\"float-right\"><a class=\"primary button bordered-dark\" href=\"..\/learning-platform\">Plataforma de aprendizagem <i class=\"sl-arrow-right\"><\/i><\/a>\r\n<\/div><\/div><\/div><\/div><\/div><\/div><\/div><\/p>\n","protected":false},"excerpt":{"rendered":"","protected":false},"author":1,"featured_media":0,"parent":3182,"menu_order":0,"comment_status":"closed","ping_status":"closed","template":"template-modules.php","meta":{"footnotes":""},"_links":{"self":[{"href":"https:\/\/old.theatreinmath.eu\/pt-pt\/wp-json\/wp\/v2\/pages\/3226"}],"collection":[{"href":"https:\/\/old.theatreinmath.eu\/pt-pt\/wp-json\/wp\/v2\/pages"}],"about":[{"href":"https:\/\/old.theatreinmath.eu\/pt-pt\/wp-json\/wp\/v2\/types\/page"}],"author":[{"embeddable":true,"href":"https:\/\/old.theatreinmath.eu\/pt-pt\/wp-json\/wp\/v2\/users\/1"}],"replies":[{"embeddable":true,"href":"https:\/\/old.theatreinmath.eu\/pt-pt\/wp-json\/wp\/v2\/comments?post=3226"}],"version-history":[{"count":16,"href":"https:\/\/old.theatreinmath.eu\/pt-pt\/wp-json\/wp\/v2\/pages\/3226\/revisions"}],"predecessor-version":[{"id":6204,"href":"https:\/\/old.theatreinmath.eu\/pt-pt\/wp-json\/wp\/v2\/pages\/3226\/revisions\/6204"}],"up":[{"embeddable":true,"href":"https:\/\/old.theatreinmath.eu\/pt-pt\/wp-json\/wp\/v2\/pages\/3182"}],"wp:attachment":[{"href":"https:\/\/old.theatreinmath.eu\/pt-pt\/wp-json\/wp\/v2\/media?parent=3226"}],"curies":[{"name":"wp","href":"https:\/\/api.w.org\/{rel}","templated":true}]}}