{"id":3242,"date":"2019-04-08T14:27:54","date_gmt":"2019-04-08T14:27:54","guid":{"rendered":"http:\/\/old.theatreinmath.eu\/?page_id=3242"},"modified":"2019-04-16T08:17:51","modified_gmt":"2019-04-16T08:17:51","slug":"who-we-are","status":"publish","type":"page","link":"https:\/\/old.theatreinmath.eu\/pt-pt\/who-we-are\/","title":{"rendered":"Quem somos"},"content":{"rendered":"<p><div class=\"kc-elm kc-css-183938 kc-animated kc-animate-eff-fadeIn kc-row-container module\"><div class=\"wc-row row\"><div class=\"kc-wrap-columns\"><div class=\"kc-elm kc-css-269066 small-12 columns small-12\"><div class=\"kc-col-container\"><div class=\"kc-elm kc-css-434968 kc_shortcode kc_single_image\">\n\n        <a  href=\"http:\/\/www.socialcommunitytheatre.com\/en\/\" title=\"\" target=\"_blank\">\n        <img decoding=\"async\" src=\"https:\/\/old.theatreinmath.eu\/wp-content\/uploads\/2019\/02\/Logo.STC-COREP.png\" class=\"\" alt=\"\" \/>    <\/a>\n    <\/div>\n<\/div><\/div><div class=\"kc-elm kc-css-320433 small-12 columns small-12\"><div class=\"kc-col-container\"><div class=\"kc-elm kc-css-313943 kc-animated kc-animate-eff-fadeInRight kc_text_block\"><\/p>\n<h3>CENTRO SCT | COREP (It\u00e1lia)<\/h3>\n<div>\n<p>COREP \u00e9 um cons\u00f3rcio sem fins lucrativos, fundado em 1987. Os seus principais campos de atividade s\u00e3o: Forma\u00e7\u00e3o avan\u00e7ada de alto n\u00edvel e especializada, apoio \u00e0 inova\u00e7\u00e3o e servi\u00e7os para os membros do Cons\u00f3rcio.\n<\/p>\n<p>No dom\u00ednio da educa\u00e7\u00e3o e forma\u00e7\u00e3o, o COREP:<\/p>\n<ul>\n<li>organiza cursos de mestrado universit\u00e1rio, destinado a jovens licenciados e profissionais;<\/li>\n<li>prop\u00f5e atividades de educa\u00e7\u00e3o ao longo da vida, atualiza\u00e7\u00e3o de compet\u00eancias para profissionais e investigadores;<\/li>\n<li>promove atividades conjuntas entre empresas, autoridades locais e universidades no \u00e2mbito de projetos especiais;<\/li>\n<li>participa em projetos europeus, tanto como parceiro como como coordenador.<\/li>\n<\/ul>\n<p>No \u00e2mbito da sua atividade, o Corep gere o SCT &#8211; Centro de Teatro Comunit\u00e1rio Social, nascido em 2014 em colabora\u00e7\u00e3o com a Universidade de Turim e o Teatro Popolare Europeo.<\/p>\n<p>O SCT Centro re\u00fane em si mesmo, diferentes conhecimentos em \u00e1reas cient\u00edficas, art\u00edsticas, culturais e de gest\u00e3o. Tem por base o patrim\u00f3nio cultural e art\u00edstico italiano, feito de criatividade, pesquisa e rela\u00e7\u00f5es, e centra-se no desenvolvimento de comunidades plurais e sociedades inclusivas.<\/p>\n<p>O SCT Centro possui uma metodologia inovadora e multidisciplinar criada por Alessandro Pontremoli e Alessandra Ghiglione em 2000. A sua vis\u00e3o \u00e9 centrada na efic\u00e1cia do teatro e das artes c\u00e9nicas no desenvolvimento humano, pois acreditam que a arte \u00e9 uma ferramenta para aumentar o bem-estar pessoal, profissional e comunit\u00e1rio.<\/p>\n<\/div>\n<p>\n<\/div><\/div><\/div><\/div><\/div><\/div><div class=\"kc-elm kc-css-808358 kc-animated kc-animate-eff-fadeIn kc-row-container module\"><div class=\"wc-row row\"><div class=\"kc-wrap-columns\"><div class=\"kc-elm kc-css-680964 small-12 columns small-12\"><div class=\"kc-col-container\"><div class=\"kc-elm kc-css-817830 kc-animated kc-animate-eff-fadeInLeft kc_text_block\"><\/p>\n<h3 class=\"uk-panel-title\">HVL (Noruega)<\/h3>\n<p>Universidade Ocidental da Noruega de Ci\u00eancias Aplicadas (HVL), uma das maiores institui\u00e7\u00f5es de ensino superior do pa\u00eds, oferece estudos de Bacharelado e Mestrado principalmente nas \u00e1reas da educa\u00e7\u00e3o, engenharia, sa\u00fade e ci\u00eancias sociais.<\/p>\n<p>&lt;p\"&gt;Investigadores da HVL trabalham em equipas multidisciplinares e em estreita coopera\u00e7\u00e3o com universidades, institutos de pesquisa e organiza\u00e7\u00f5es a n\u00edvel nacional e internacional. A participa\u00e7\u00e3o dedicada da HVL no desenvolvimento da comunidade torna a institui\u00e7\u00e3o uma parceira importante para as autoridades locais e regionais, incluindo entre outras; ind\u00fastrias, hospitais, institui\u00e7\u00f5es de sa\u00fade e assist\u00eancia social, escolas, creches e institui\u00e7\u00f5es culturais.&lt;\/p\"&gt;<\/p>\n<p style=\"text-align: left;\">A HVL nos \u00faltimos anos tem-se concentrado no desenvolvimento de novos conhecimentos sobre processos criativos e aprendizagem, com um programa de Mestrado estabelecido neste campo, tendo j\u00e1 recebido v\u00e1rias confer\u00eancias internacionais sobre este t\u00f3pico.<\/p>\n<p>\n<\/div><\/div><\/div><div class=\"kc-elm kc-css-409554 small-12 columns small-12\"><div class=\"kc-col-container\"><div class=\"kc-elm kc-css-394171 kc_shortcode kc_single_image\">\n\n        <a  href=\"https:\/\/www.hvl.no\/en\/\" title=\"\" target=\"_blank\">\n        <img decoding=\"async\" src=\"https:\/\/old.theatreinmath.eu\/wp-content\/uploads\/2019\/02\/Logo.HVL_.png\" class=\"\" alt=\"\" \/>    <\/a>\n    <\/div>\n<\/div><\/div><\/div><\/div><\/div><div class=\"kc-elm kc-css-436768 kc-animated kc-animate-eff-fadeIn kc-row-container module\"><div class=\"wc-row row\"><div class=\"kc-wrap-columns\"><div class=\"kc-elm kc-css-67734 small-12 columns small-12\"><div class=\"kc-col-container\"><div class=\"kc-elm kc-css-53336 kc_shortcode kc_single_image\">\n\n        <a  href=\"https:\/\/www.dors.it\/pagina_singola.php?idpagina=8\" title=\"\" target=\"_blank\">\n        <img decoding=\"async\" src=\"https:\/\/old.theatreinmath.eu\/wp-content\/uploads\/2019\/02\/Logo.DORS_.png\" class=\"\" alt=\"\" \/>    <\/a>\n    <\/div>\n<\/div><\/div><div class=\"kc-elm kc-css-970551 small-12 columns small-12\"><div class=\"kc-col-container\"><div class=\"kc-elm kc-css-346469 kc-animated kc-animate-eff-fadeInRight kc_text_block\"><\/p>\n<h3 class=\"uk-panel-title\" style=\"text-align: left;\">DoRS (It\u00e1lia)<\/h3>\n<p>DoRS, Centro de Documenta\u00e7\u00e3o de Promo\u00e7\u00e3o de Sa\u00fade da Regi\u00e3o do Piemonte foi criado em 1998 pelo governo regional. A miss\u00e3o do DoRS \u00e9 apoiar pol\u00edticas de promo\u00e7\u00e3o da sa\u00fade, a\u00e7\u00f5es e projetos a n\u00edvel local, regional e nacional, atrav\u00e9s de uma abordagem de transfer\u00eancia de conhecimento e interc\u00e2mbio na comunidade, escolas, local de trabalho e centro de sa\u00fade (mais informa\u00e7\u00e3o em: www.dors.it).<\/p>\n<p style=\"text-align: left;\">As principais atividades do DORS s\u00e3o:<\/p>\n<ul>\n<li style=\"text-align: left;\">rever, adaptar e trocar conhecimento cient\u00edfico com partes interessadas, decisores e profissionais sobre a promo\u00e7\u00e3o e preven\u00e7\u00e3o da sa\u00fade;<\/li>\n<li style=\"text-align: left;\">selecionar e compartilhar informa\u00e7\u00f5es sobre publica\u00e7\u00f5es, boas pr\u00e1ticas e experi\u00eancias desenvolvidas no campo da melhoria da sa\u00fade e bem estar;<\/li>\n<li style=\"text-align: left;\">apoiar o desenvolvimento, design e avalia\u00e7\u00e3o de interven\u00e7\u00f5es, planos e pol\u00edticas no dom\u00ednio da sa\u00fade e bem-estar;<\/li>\n<li style=\"text-align: left;\">formar profissionais e decisores no desenvolvimento de habilidades e compet\u00eancias na promo\u00e7\u00e3o e bem-estar da sa\u00fade;<\/li>\n<li style=\"text-align: left;\">cooperar no desenvolvimento de redes locais, regionais, nacionais e internacionais;<\/li>\n<\/ul>\n<p>\n<\/div><\/div><\/div><\/div><\/div><\/div><div class=\"kc-elm kc-css-430716 kc-animated kc-animate-eff-fadeIn kc-row-container module\"><div class=\"wc-row row\"><div class=\"kc-wrap-columns\"><div class=\"kc-elm kc-css-499661 small-12 columns small-12\"><div class=\"kc-col-container\"><div class=\"kc-elm kc-css-239204 kc-animated kc-animate-eff-fadeInLeft kc_text_block\"><\/p>\n<h3 class=\"uk-panel-title\">ASTA (Portugal)<\/h3>\n<p>A ASTA, companhia de teatro profissional fundada em 2000, encontra a sua identidade numa cultura multidisciplinar, tendo por base o teatro, que abra\u00e7a todas as artes por igual, como uma forma de express\u00e3o da exist\u00eancia humana.<\/p>\n<p>Desde a sua origem, a ASTA procura a originalidade e a diferen\u00e7a a fim de alcan\u00e7ar a individualidade nas suas cria\u00e7\u00f5es, nos m\u00e9todos e nas linguagens, reinventando cl\u00e1ssicos, desenvolvendo formas inovadoras de atuar, usando novas formas de express\u00e3o e recorrendo \u00e0s novas tecnologias como ferramentas importantes de cria\u00e7\u00e3o.<\/p>\n<p>Al\u00e9m dos processos criativos, as suas atividades s\u00e3o extremamente diversificadas e abrangem desde a educa\u00e7\u00e3o at\u00e9 a realiza\u00e7\u00e3o de festivais, cria\u00e7\u00e3o e produ\u00e7\u00e3o de pe\u00e7as teatrais, performances, anima\u00e7\u00f5es, interc\u00e2mbios art\u00edsticos, forma\u00e7\u00f5es e workshops em diversas \u00e1reas, dando \u00eanfase \u00e0 educa\u00e7\u00e3o atrav\u00e9s das artes performativas.<\/p>\n<p>No decurso da sua atividade regular destacam-se as in\u00fameras parcerias internacionais estabelecidas com entidades de Ensino, Organiza\u00e7\u00f5es P\u00fablicas, Funda\u00e7\u00f5es, bem como de outras estruturas art\u00edsticas. Mais informa\u00e7\u00e3o em www.aasta.info.<\/p>\n<p><span style=\"font-weight: 400;\">\u00a0<\/span><\/p>\n<p>\n<\/div><\/div><\/div><div class=\"kc-elm kc-css-282081 small-12 columns small-12\"><div class=\"kc-col-container\"><div class=\"kc-elm kc-css-287258 kc_shortcode kc_single_image\">\n\n        <a  href=\"http:\/\/www.aasta.info\" title=\"\" target=\"_blank\">\n        <img decoding=\"async\" src=\"https:\/\/old.theatreinmath.eu\/wp-content\/uploads\/2019\/04\/Logo.ASTA_new.png\" class=\"\" alt=\"\" \/>    <\/a>\n    <\/div>\n<\/div><\/div><\/div><\/div><\/div><div class=\"kc-elm kc-css-544983 kc-animated kc-animate-eff-fadeIn kc-row-container module\"><div class=\"wc-row row\"><div class=\"kc-wrap-columns\"><div class=\"kc-elm kc-css-172246 small-12 columns small-12\"><div class=\"kc-col-container\"><div class=\"kc-elm kc-css-542463 kc_shortcode kc_single_image\">\n\n        <a  href=\"http:\/\/www.music.tuc.gr\" title=\"\" target=\"_blank\">\n        <img decoding=\"async\" src=\"https:\/\/old.theatreinmath.eu\/wp-content\/uploads\/2019\/02\/Logo.TUC-MUSIC.png\" class=\"\" alt=\"\" \/>    <\/a>\n    <\/div>\n<\/div><\/div><div class=\"kc-elm kc-css-580150 small-12 columns small-12\"><div class=\"kc-col-container\"><div class=\"kc-elm kc-css-670229 kc-animated kc-animate-eff-fadeInRight kc_text_block\"><\/p>\n<h3 class=\"uk-panel-title\">TUC (Grecia)<\/h3>\n<div>\n<p>TUC \/ MUSIC foi criada em 1990 no Dep. de Eletr\u00f3nica e Engenharia inform\u00e1tica da Universidade T\u00e9cnica de Creta, Chania, Gr\u00e9cia. \u00c9 um centro de pesquisa, desenvolvimento e ensino nas \u00e1reas de sistemas de informa\u00e7\u00e3o distribu\u00eddos por, engenharia aplicada, computa\u00e7\u00e3o gr\u00e1fica e engenharia de simula\u00e7\u00e3o.<\/p>\n<p>A TUC \/ MUSIC realiza pesquisas nas \u00e1reas da arquitetura multim\u00eddia distribu\u00edda de alto desempenho, sistemas de informa\u00e7\u00e3o que oferecem funcionalidades avan\u00e7adas, sistemas de banco de dados, sistemas de recupera\u00e7\u00e3o de informa\u00e7\u00e3o, bibliotecas digitais e arquitetura orientada a servi\u00e7os e sistemas gr\u00e1ficos.<\/p>\n<p>Na \u00e1rea da engenharia de aplica\u00e7\u00e3o, a TUC \/ MUSIC realiza pesquisas nos t\u00f3picos de grandes redes de distribui\u00e7\u00e3o multim\u00eddia distribu\u00eddas, para aplica\u00e7\u00f5es de TV inteligente, infraestruturas de interoperabilidade sem\u00e2ntica, metodologias de desenvolvimento de aplica\u00e7\u00f5es m\u00f3veis e web, processamento de linguagem natural e, infraestruturas de software padr\u00e3o para aplica\u00e7\u00f5es multim\u00eddia em \u00e1reas como e-learning, cultura e turismo, aplicativos de neg\u00f3cios, aplicativos de TV e medicina.<\/p>\n<\/div>\n<p>\n<\/div><\/div><\/div><\/div><\/div><\/div><\/p>\n","protected":false},"excerpt":{"rendered":"","protected":false},"author":1,"featured_media":0,"parent":0,"menu_order":0,"comment_status":"closed","ping_status":"closed","template":"template-modules.php","meta":{"footnotes":""},"_links":{"self":[{"href":"https:\/\/old.theatreinmath.eu\/pt-pt\/wp-json\/wp\/v2\/pages\/3242"}],"collection":[{"href":"https:\/\/old.theatreinmath.eu\/pt-pt\/wp-json\/wp\/v2\/pages"}],"about":[{"href":"https:\/\/old.theatreinmath.eu\/pt-pt\/wp-json\/wp\/v2\/types\/page"}],"author":[{"embeddable":true,"href":"https:\/\/old.theatreinmath.eu\/pt-pt\/wp-json\/wp\/v2\/users\/1"}],"replies":[{"embeddable":true,"href":"https:\/\/old.theatreinmath.eu\/pt-pt\/wp-json\/wp\/v2\/comments?post=3242"}],"version-history":[{"count":38,"href":"https:\/\/old.theatreinmath.eu\/pt-pt\/wp-json\/wp\/v2\/pages\/3242\/revisions"}],"predecessor-version":[{"id":3898,"href":"https:\/\/old.theatreinmath.eu\/pt-pt\/wp-json\/wp\/v2\/pages\/3242\/revisions\/3898"}],"wp:attachment":[{"href":"https:\/\/old.theatreinmath.eu\/pt-pt\/wp-json\/wp\/v2\/media?parent=3242"}],"curies":[{"name":"wp","href":"https:\/\/api.w.org\/{rel}","templated":true}]}}