{"id":3272,"date":"2019-04-08T14:51:11","date_gmt":"2019-04-08T14:51:11","guid":{"rendered":"http:\/\/old.theatreinmath.eu\/?page_id=3272"},"modified":"2019-04-16T07:34:54","modified_gmt":"2019-04-16T07:34:54","slug":"contacts-2","status":"publish","type":"page","link":"https:\/\/old.theatreinmath.eu\/pt-pt\/contacts-2\/","title":{"rendered":"Contatos"},"content":{"rendered":"<p><div class=\"kc-elm kc-css-8796 kc-row-container module\"><div class=\"wc-row\"><div class=\"kc-wrap-columns\"><div class=\"kc-elm kc-css-924624 small-12 columns small-12\"><div class=\"kc-col-container\"><\/div><\/div><div class=\"kc-elm kc-css-319564 small-12 columns small-12\"><div class=\"kc-col-container\">\r\n\t\t\t<div class=\" kc-elm kc-css-146211 eak-infobox-wrapper\">\r\n\t\t\t<div class=\"eak-infobox\">\r\n                    <i class=\"eak-infobox-icon et-envelope\"><\/i>\r\n                    <h3 class=\"eak-infobox-title\">TIM<\/h3>\r\n                    <p class=\"eak-infobox-descr\"><a style=\"font-size:18px; word-wrap: break-word;\" href=\"mailto:info@theatreinmath.eu\">info@theatreinmath.eu<\/a><p style=\"font-size:14px; word-wrap: break-word;\">Informa\u00e7\u00e3o geral sobre o projeto<\/p><\/p>\r\n                <\/div>\r\n            <\/div>\r\n\r\n        <\/div><\/div><div class=\"kc-elm kc-css-896270 small-12 columns small-12\"><div class=\"kc-col-container\"><\/div><\/div><\/div><\/div><\/div><div class=\"kc-elm kc-css-566444 kc-row-container module\"><div class=\"wc-row row\"><div class=\"kc-wrap-columns\"><div class=\"kc-elm kc-css-824287 small-12 columns small-12\"><div class=\"kc-col-container\">\r\n\t\t\t<div class=\" kc-elm kc-css-668553 eak-infobox-wrapper\">\r\n\t\t\t<div class=\"eak-infobox\">\r\n                    <i class=\"eak-infobox-icon fa-envelope\"><\/i>\r\n                    <h3 class=\"eak-infobox-title\">TIM It\u00e1lia<\/h3>\r\n                    <p class=\"eak-infobox-descr\"><a style=\"font-size:18px; word-wrap: break-word;\" href=\"mailto:italy@theatreinmath.eu\">italy@theatreinmath.eu<\/a>\r\n<p style=\"font-size:14px; word-wrap: break-word;\">Informa\u00e7\u00e3o sobre o que est\u00e1 a acontecer em It\u00e1lia<\/p><\/p>\r\n                <\/div>\r\n            <\/div>\r\n\r\n        <\/div><\/div><div class=\"kc-elm kc-css-156544 small-12 columns small-12\"><div class=\"kc-col-container\">\r\n\t\t\t<div class=\" kc-elm kc-css-995647 eak-infobox-wrapper\">\r\n\t\t\t<div class=\"eak-infobox\">\r\n                    <i class=\"eak-infobox-icon fa-envelope\"><\/i>\r\n                    <h3 class=\"eak-infobox-title\">TIM Noruega<\/h3>\r\n                    <p class=\"eak-infobox-descr\"><a style=\"font-size:18px; word-wrap: break-word;\" href=\"mailto:norway@theatreinmath.eu\">norway@theatreinmath.eu<\/a>\r\n<p style=\"font-size:14px; word-wrap: break-word;\">Informa\u00e7\u00e3o sobre o que est\u00e1 a acontecer na Noruega<\/p><\/p>\r\n                <\/div>\r\n            <\/div>\r\n\r\n        <\/div><\/div><\/div><\/div><\/div><div class=\"kc-elm kc-css-388373 kc-row-container module\"><div class=\"wc-row row\"><div class=\"kc-wrap-columns\"><div class=\"kc-elm kc-css-982310 small-12 columns small-12\"><div class=\"kc-col-container\">\r\n\t\t\t<div class=\" kc-elm kc-css-96118 eak-infobox-wrapper\">\r\n\t\t\t<div class=\"eak-infobox\">\r\n                    <i class=\"eak-infobox-icon fa-envelope\"><\/i>\r\n                    <h3 class=\"eak-infobox-title\">TIM Gr\u00e9cia<\/h3>\r\n                    <p class=\"eak-infobox-descr\"><a style=\"font-size:18px; word-wrap: break-word;\" href=\"mailto:greece@theatreinmath.eu\">greece@theatreinmath.eu<\/a>\r\n<p style=\"font-size:14px; word-wrap: break-word;\">Informa\u00e7\u00e3o sobre o que est\u00e1 a acontecer na Gr\u00e9cia<\/p><\/p>\r\n                <\/div>\r\n            <\/div>\r\n\r\n        <\/div><\/div><div class=\"kc-elm kc-css-793558 small-12 columns small-12\"><div class=\"kc-col-container\">\r\n\t\t\t<div class=\" kc-elm kc-css-83319 eak-infobox-wrapper\">\r\n\t\t\t<div class=\"eak-infobox\">\r\n                    <i class=\"eak-infobox-icon fa-envelope\"><\/i>\r\n                    <h3 class=\"eak-infobox-title\">TIM Portugal<\/h3>\r\n                    <p class=\"eak-infobox-descr\"><a style=\"font-size:18px; word-wrap: break-word;\" href=\"mailto:portugal@theatreinmath.eu\">portugal@theatreinmath.eu<\/a>\r\n<p style=\"font-size:14px; word-wrap: break-word;\">Informa\u00e7\u00e3o sobre o que est\u00e1 a acontecer em Portugal<\/p><\/p>\r\n                <\/div>\r\n            <\/div>\r\n\r\n        <\/div><\/div><\/div><\/div><\/div><\/p>\n","protected":false},"excerpt":{"rendered":"","protected":false},"author":1,"featured_media":0,"parent":0,"menu_order":0,"comment_status":"closed","ping_status":"closed","template":"template-modules.php","meta":{"footnotes":""},"_links":{"self":[{"href":"https:\/\/old.theatreinmath.eu\/pt-pt\/wp-json\/wp\/v2\/pages\/3272"}],"collection":[{"href":"https:\/\/old.theatreinmath.eu\/pt-pt\/wp-json\/wp\/v2\/pages"}],"about":[{"href":"https:\/\/old.theatreinmath.eu\/pt-pt\/wp-json\/wp\/v2\/types\/page"}],"author":[{"embeddable":true,"href":"https:\/\/old.theatreinmath.eu\/pt-pt\/wp-json\/wp\/v2\/users\/1"}],"replies":[{"embeddable":true,"href":"https:\/\/old.theatreinmath.eu\/pt-pt\/wp-json\/wp\/v2\/comments?post=3272"}],"version-history":[{"count":8,"href":"https:\/\/old.theatreinmath.eu\/pt-pt\/wp-json\/wp\/v2\/pages\/3272\/revisions"}],"predecessor-version":[{"id":3742,"href":"https:\/\/old.theatreinmath.eu\/pt-pt\/wp-json\/wp\/v2\/pages\/3272\/revisions\/3742"}],"wp:attachment":[{"href":"https:\/\/old.theatreinmath.eu\/pt-pt\/wp-json\/wp\/v2\/media?parent=3272"}],"curies":[{"name":"wp","href":"https:\/\/api.w.org\/{rel}","templated":true}]}}